{"id":1106,"date":"2020-05-09T14:52:31","date_gmt":"2020-05-09T12:52:31","guid":{"rendered":"https:\/\/munchkin.envol-centre-equestre.com\/?page_id=1106"},"modified":"2023-12-02T01:02:59","modified_gmt":"2023-12-02T00:02:59","slug":"accueillir-son-chiot","status":"publish","type":"page","link":"https:\/\/pomsky.envol.ovh\/de\/begrusen-sie-ihren-scheis\/","title":{"rendered":"Ihren Pomsky-Welpen willkommen hei\u00dfen"},"content":{"rendered":"<div data-elementor-type=\"wp-post\" data-elementor-id=\"1106\" class=\"elementor elementor-1106\" data-elementor-post-type=\"page\">\n\t\t\t\t\t\t<section class=\"elementor-section elementor-top-section elementor-element elementor-element-2cd009c elementor-section-height-min-height elementor-section-content-middle elementor-section-boxed elementor-section-height-default elementor-section-items-middle\" data-id=\"2cd009c\" data-element_type=\"section\" data-settings=\"{&quot;background_background&quot;:&quot;classic&quot;}\">\n\t\t\t\t\t\t\t<div class=\"elementor-background-overlay\"><\/div>\n\t\t\t\t\t\t\t<div class=\"elementor-container elementor-column-gap-default\">\n\t\t\t\t\t<div class=\"elementor-column elementor-col-100 elementor-top-column elementor-element elementor-element-eaf9918\" data-id=\"eaf9918\" data-element_type=\"column\">\n\t\t\t<div class=\"elementor-widget-wrap elementor-element-populated\">\n\t\t\t\t\t\t<div class=\"elementor-element elementor-element-30819d6 elementor-widget elementor-widget-heading\" data-id=\"30819d6\" data-element_type=\"widget\" data-widget_type=\"heading.default\">\n\t\t\t\t<div class=\"elementor-widget-container\">\n\t\t\t\t\t<h1 class=\"elementor-heading-title elementor-size-default\">Den Welpen zu Hause willkommen hei\u00dfen<\/h1>\t\t\t\t<\/div>\n\t\t\t\t<\/div>\n\t\t\t\t\t<\/div>\n\t\t<\/div>\n\t\t\t\t\t<\/div>\n\t\t<\/section>\n\t\t\t\t<section class=\"elementor-section elementor-top-section elementor-element elementor-element-3aa34b1 elementor-section-boxed elementor-section-height-default elementor-section-height-default\" data-id=\"3aa34b1\" data-element_type=\"section\">\n\t\t\t\t\t\t<div class=\"elementor-container elementor-column-gap-default\">\n\t\t\t\t\t<div class=\"elementor-column elementor-col-100 elementor-top-column elementor-element elementor-element-34514ff\" data-id=\"34514ff\" data-element_type=\"column\">\n\t\t\t<div class=\"elementor-widget-wrap elementor-element-populated\">\n\t\t\t\t\t\t<div class=\"elementor-element elementor-element-67dba40 elementor-widget elementor-widget-text-editor\" data-id=\"67dba40\" data-element_type=\"widget\" data-widget_type=\"text-editor.default\">\n\t\t\t\t<div class=\"elementor-widget-container\">\n\t\t\t\t\t\t\t\t\t<p>Die Adoption eines Welpen ist ein Ereignis, das das Leben auf den Kopf stellt, besonders wenn es Ihr erstes Mal ist. Sie m\u00fcssen Ihre Lebensgewohnheiten \u00e4ndern, damit Sie Ihrem neuen Freund alles geben k\u00f6nnen, was er braucht. Sie werden an viele Dinge denken m\u00fcssen, nicht nur, was das Training mit dem Welpen betrifft, wenn er erst einmal zu Hause ist, sondern auch an die ganze Vorbereitungsarbeit vor seiner Ankunft. Hier sind die wichtigsten Schritte f\u00fcr eine gute Vorbereitung!<\/p>\t\t\t\t\t\t\t\t<\/div>\n\t\t\t\t<\/div>\n\t\t\t\t\t<\/div>\n\t\t<\/div>\n\t\t\t\t\t<\/div>\n\t\t<\/section>\n\t\t\t\t<section class=\"elementor-section elementor-top-section elementor-element elementor-element-6eada21 elementor-section-boxed elementor-section-height-default elementor-section-height-default\" data-id=\"6eada21\" data-element_type=\"section\">\n\t\t\t\t\t\t<div class=\"elementor-container elementor-column-gap-default\">\n\t\t\t\t\t<div class=\"elementor-column elementor-col-100 elementor-top-column elementor-element elementor-element-4c66129\" data-id=\"4c66129\" data-element_type=\"column\">\n\t\t\t<div class=\"elementor-widget-wrap elementor-element-populated\">\n\t\t\t\t\t\t<div class=\"elementor-element elementor-element-7dd5c96 elementor-widget elementor-widget-heading\" data-id=\"7dd5c96\" data-element_type=\"widget\" data-widget_type=\"heading.default\">\n\t\t\t\t<div class=\"elementor-widget-container\">\n\t\t\t\t\t<h2 class=\"elementor-heading-title elementor-size-default\">Gro\u00dfes Aufr\u00e4umen, um Ihren Welpen willkommen zu hei\u00dfen<\/h2>\t\t\t\t<\/div>\n\t\t\t\t<\/div>\n\t\t\t\t\t<\/div>\n\t\t<\/div>\n\t\t\t\t\t<\/div>\n\t\t<\/section>\n\t\t\t\t<section class=\"elementor-section elementor-top-section elementor-element elementor-element-23c4fc6 elementor-section-boxed elementor-section-height-default elementor-section-height-default\" data-id=\"23c4fc6\" data-element_type=\"section\">\n\t\t\t\t\t\t<div class=\"elementor-container elementor-column-gap-default\">\n\t\t\t\t\t<div class=\"elementor-column elementor-col-50 elementor-top-column elementor-element elementor-element-39d7d5e\" data-id=\"39d7d5e\" data-element_type=\"column\">\n\t\t\t<div class=\"elementor-widget-wrap elementor-element-populated\">\n\t\t\t\t\t\t<div class=\"elementor-element elementor-element-53d0d28 elementor-widget elementor-widget-text-editor\" data-id=\"53d0d28\" data-element_type=\"widget\" data-widget_type=\"text-editor.default\">\n\t\t\t\t<div class=\"elementor-widget-container\">\n\t\t\t\t\t\t\t\t\t<p>Zun\u00e4chst einmal muss das Haus aufger\u00e4umt werden. Sobald der Stress der neuen Umgebung vorbei ist, wird der Welpe jeden Winkel seines neuen Zuhauses erkunden wollen. Es versteht sich von selbst, dass das Haus sauber sein muss, damit Ihr Welpe keine kleinen St\u00fccke zum Fressen findet. Dadurch werden Sie wahrscheinlich einige Ecken entdecken, die f\u00fcr den neuen Freund etwas gef\u00e4hrlicher sind, und Sie k\u00f6nnen versuchen, die Situation zu l\u00f6sen. Wenn Sie zum Beispiel nicht m\u00f6chten, dass Ihr Hund Ihre Pflanzen frisst, m\u00fcssen Sie sie vielleicht h\u00f6her stellen. Dasselbe gilt f\u00fcr Theken. Im Moment ist Pitou noch klein und kann das Futter nicht erreichen. Wenn Ihr Hund jedoch \u00e4lter wird, wird er schnell verstehen, dass er auf die Theke springen und das Futter finden kann. Am besten, Sie r\u00e4umen alles weg!<\/p><p><strong>Achten Sie darauf :<\/strong><\/p><ul><li>Auf Pflanzen, die manchmal giftig sind<\/li><li>Lebensmittelreste, die Ihren Welpen vergiften k\u00f6nnen (z. B. Schokolade).<\/li><li>An elektrischen Leitungen<\/li><li>Haushaltsprodukte und Medikamente, die f\u00fcr Ihren Hund gef\u00e4hrlich sein k\u00f6nnten<\/li><\/ul>\t\t\t\t\t\t\t\t<\/div>\n\t\t\t\t<\/div>\n\t\t\t\t\t<\/div>\n\t\t<\/div>\n\t\t\t\t<div class=\"elementor-column elementor-col-50 elementor-top-column elementor-element elementor-element-b339281\" data-id=\"b339281\" data-element_type=\"column\">\n\t\t\t<div class=\"elementor-widget-wrap elementor-element-populated\">\n\t\t\t\t\t\t<div class=\"elementor-element elementor-element-c215d27 elementor-widget elementor-widget-image\" data-id=\"c215d27\" data-element_type=\"widget\" data-widget_type=\"image.default\">\n\t\t\t\t<div class=\"elementor-widget-container\">\n\t\t\t\t\t\t\t\t\t\t\t\t\t\t\t<img fetchpriority=\"high\" decoding=\"async\" width=\"1024\" height=\"683\" src=\"https:\/\/pomsky.envol.ovh\/wp-content\/uploads\/2021\/09\/DIY-Carpet-Cleaning-Hoover-Pet-9-1024x683.webp\" class=\"attachment-large size-large wp-image-2793\" alt=\"\" srcset=\"https:\/\/pomsky.envol.ovh\/wp-content\/uploads\/2021\/09\/DIY-Carpet-Cleaning-Hoover-Pet-9-1024x683.webp 1024w, https:\/\/pomsky.envol.ovh\/wp-content\/uploads\/2021\/09\/DIY-Carpet-Cleaning-Hoover-Pet-9-300x200.webp 300w, https:\/\/pomsky.envol.ovh\/wp-content\/uploads\/2021\/09\/DIY-Carpet-Cleaning-Hoover-Pet-9-768x512.webp 768w, https:\/\/pomsky.envol.ovh\/wp-content\/uploads\/2021\/09\/DIY-Carpet-Cleaning-Hoover-Pet-9.webp 1500w\" sizes=\"(max-width: 1024px) 100vw, 1024px\" \/>\t\t\t\t\t\t\t\t\t\t\t\t\t\t\t<\/div>\n\t\t\t\t<\/div>\n\t\t\t\t\t<\/div>\n\t\t<\/div>\n\t\t\t\t\t<\/div>\n\t\t<\/section>\n\t\t\t\t<section class=\"elementor-section elementor-top-section elementor-element elementor-element-8b7f106 elementor-section-boxed elementor-section-height-default elementor-section-height-default\" data-id=\"8b7f106\" data-element_type=\"section\">\n\t\t\t\t\t\t<div class=\"elementor-container elementor-column-gap-default\">\n\t\t\t\t\t<div class=\"elementor-column elementor-col-100 elementor-top-column elementor-element elementor-element-0297a83\" data-id=\"0297a83\" data-element_type=\"column\">\n\t\t\t<div class=\"elementor-widget-wrap elementor-element-populated\">\n\t\t\t\t\t\t<div class=\"elementor-element elementor-element-b3fdd36 elementor-widget elementor-widget-heading\" data-id=\"b3fdd36\" data-element_type=\"widget\" data-widget_type=\"heading.default\">\n\t\t\t\t<div class=\"elementor-widget-container\">\n\t\t\t\t\t<h2 class=\"elementor-heading-title elementor-size-default\">Kauf von Materialien und Zubeh\u00f6r<\/h2>\t\t\t\t<\/div>\n\t\t\t\t<\/div>\n\t\t\t\t\t<\/div>\n\t\t<\/div>\n\t\t\t\t\t<\/div>\n\t\t<\/section>\n\t\t\t\t<section class=\"elementor-section elementor-top-section elementor-element elementor-element-409a87f elementor-section-boxed elementor-section-height-default elementor-section-height-default\" data-id=\"409a87f\" data-element_type=\"section\">\n\t\t\t\t\t\t<div class=\"elementor-container elementor-column-gap-default\">\n\t\t\t\t\t<div class=\"elementor-column elementor-col-50 elementor-top-column elementor-element elementor-element-4c090c9\" data-id=\"4c090c9\" data-element_type=\"column\">\n\t\t\t<div class=\"elementor-widget-wrap elementor-element-populated\">\n\t\t\t\t\t\t<div class=\"elementor-element elementor-element-99b2da6 elementor-widget elementor-widget-image\" data-id=\"99b2da6\" data-element_type=\"widget\" data-widget_type=\"image.default\">\n\t\t\t\t<div class=\"elementor-widget-container\">\n\t\t\t\t\t\t\t\t\t\t\t\t\t\t\t<img decoding=\"async\" width=\"300\" height=\"201\" src=\"https:\/\/pomsky.envol.ovh\/wp-content\/uploads\/2021\/09\/husky-puppy-playing-toy-little-260nw-1842917449-300x201.webp\" class=\"attachment-medium size-medium wp-image-2792\" alt=\"\" srcset=\"https:\/\/pomsky.envol.ovh\/wp-content\/uploads\/2021\/09\/husky-puppy-playing-toy-little-260nw-1842917449-300x201.webp 300w, https:\/\/pomsky.envol.ovh\/wp-content\/uploads\/2021\/09\/husky-puppy-playing-toy-little-260nw-1842917449.webp 388w\" sizes=\"(max-width: 300px) 100vw, 300px\" \/>\t\t\t\t\t\t\t\t\t\t\t\t\t\t\t<\/div>\n\t\t\t\t<\/div>\n\t\t\t\t\t<\/div>\n\t\t<\/div>\n\t\t\t\t<div class=\"elementor-column elementor-col-50 elementor-top-column elementor-element elementor-element-0d6086f\" data-id=\"0d6086f\" data-element_type=\"column\">\n\t\t\t<div class=\"elementor-widget-wrap elementor-element-populated\">\n\t\t\t\t\t\t<div class=\"elementor-element elementor-element-fa9dfaf elementor-widget elementor-widget-text-editor\" data-id=\"fa9dfaf\" data-element_type=\"widget\" data-widget_type=\"text-editor.default\">\n\t\t\t\t<div class=\"elementor-widget-container\">\n\t\t\t\t\t\t\t\t\t<p>Ein weiterer wichtiger Schritt w\u00e4re ein Besuch in der Tierhandlung in Ihrer N\u00e4he, um alles zu kaufen, was Ihr Welpe von Anfang an braucht. Dazu geh\u00f6ren Futter- und Wasserschalen, ein Bett, Spielzeug, ein Halsband und eine Leine. Z\u00f6gern Sie nicht, sich beraten zu lassen. <\/p><p>Einige Tierhandlungen bieten Easy Barf an, schauen Sie auf ihrer Website nach, vielleicht ist eine in Ihrer N\u00e4he.<\/p>\t\t\t\t\t\t\t\t<\/div>\n\t\t\t\t<\/div>\n\t\t\t\t\t<\/div>\n\t\t<\/div>\n\t\t\t\t\t<\/div>\n\t\t<\/section>\n\t\t\t\t<section class=\"elementor-section elementor-top-section elementor-element elementor-element-72d7f51 elementor-section-boxed elementor-section-height-default elementor-section-height-default\" data-id=\"72d7f51\" data-element_type=\"section\">\n\t\t\t\t\t\t<div class=\"elementor-container elementor-column-gap-default\">\n\t\t\t\t\t<div class=\"elementor-column elementor-col-100 elementor-top-column elementor-element elementor-element-6560e7f\" data-id=\"6560e7f\" data-element_type=\"column\">\n\t\t\t<div class=\"elementor-widget-wrap elementor-element-populated\">\n\t\t\t\t\t\t<div class=\"elementor-element elementor-element-7b38a19 elementor-widget elementor-widget-heading\" data-id=\"7b38a19\" data-element_type=\"widget\" data-widget_type=\"heading.default\">\n\t\t\t\t<div class=\"elementor-widget-container\">\n\t\t\t\t\t<h2 class=\"elementor-heading-title elementor-size-default\">Die Familie auf die Ankunft des Welpen vorbereiten<\/h2>\t\t\t\t<\/div>\n\t\t\t\t<\/div>\n\t\t\t\t\t<\/div>\n\t\t<\/div>\n\t\t\t\t\t<\/div>\n\t\t<\/section>\n\t\t\t\t<section class=\"elementor-section elementor-top-section elementor-element elementor-element-54ad76e elementor-section-boxed elementor-section-height-default elementor-section-height-default\" data-id=\"54ad76e\" data-element_type=\"section\">\n\t\t\t\t\t\t<div class=\"elementor-container elementor-column-gap-default\">\n\t\t\t\t\t<div class=\"elementor-column elementor-col-50 elementor-top-column elementor-element elementor-element-df96f50\" data-id=\"df96f50\" data-element_type=\"column\">\n\t\t\t<div class=\"elementor-widget-wrap elementor-element-populated\">\n\t\t\t\t\t\t<div class=\"elementor-element elementor-element-7dc78ad elementor-widget elementor-widget-text-editor\" data-id=\"7dc78ad\" data-element_type=\"widget\" data-widget_type=\"text-editor.default\">\n\t\t\t\t<div class=\"elementor-widget-container\">\n\t\t\t\t\t\t\t\t\t<p>Wenn das Haus sauber ist und das Zubeh\u00f6r gekauft wird, m\u00fcssen Sie auch daf\u00fcr sorgen, dass alle im Haus auf der gleichen Wellenl\u00e4nge sind. Wir empfehlen Ihnen daher, mit Ihrer Familie \u00fcber die neuen Verantwortlichkeiten zu sprechen, die ihnen auferlegt werden. Nachdem Sie dar\u00fcber diskutiert haben, k\u00f6nnen Sie eine zusammenfassende Liste mit den Rollen erstellen, die jeder zu spielen hat.<\/p><p>Einige Aufgaben, die Sie nicht vergessen sollten, sind: Spazierg\u00e4nge, Futter, Vorratshaltung und sogar das Trimmen. Denken Sie daran, dass das Trimmen des Hundes verschiedene Schritte im Alltag umfassen kann, die Sie nicht vernachl\u00e4ssigen sollten.<\/p><p>Das Training ist jedoch eine Gemeinschaftsaufgabe, f\u00fcr die alle Familienmitglieder verantwortlich sind, damit es harmonisch abl\u00e4uft.<\/p><p>Eine gute Idee ist es auch, eine Liste mit dem Vokabular zu erstellen, das die ganze Familie im Gespr\u00e4ch mit dem Hund verwenden wird. Auf diese Weise vermeiden Sie Verwirrung und Ihr Hund lernt viel schneller, als wenn einer sagt: \"Hier\" und der andere \"Komm\".\u00a0<\/p>\t\t\t\t\t\t\t\t<\/div>\n\t\t\t\t<\/div>\n\t\t\t\t\t<\/div>\n\t\t<\/div>\n\t\t\t\t<div class=\"elementor-column elementor-col-50 elementor-top-column elementor-element elementor-element-da92a22\" data-id=\"da92a22\" data-element_type=\"column\">\n\t\t\t<div class=\"elementor-widget-wrap elementor-element-populated\">\n\t\t\t\t\t\t<div class=\"elementor-element elementor-element-1e115d5 elementor-widget elementor-widget-image\" data-id=\"1e115d5\" data-element_type=\"widget\" data-widget_type=\"image.default\">\n\t\t\t\t<div class=\"elementor-widget-container\">\n\t\t\t\t\t\t\t\t\t\t\t\t\t\t\t<img decoding=\"async\" width=\"548\" height=\"365\" src=\"https:\/\/pomsky.envol.ovh\/wp-content\/uploads\/2021\/09\/husky-puppy-with-young-kid.jpg\" class=\"attachment-large size-large wp-image-2794\" alt=\"\" srcset=\"https:\/\/pomsky.envol.ovh\/wp-content\/uploads\/2021\/09\/husky-puppy-with-young-kid.jpg 548w, https:\/\/pomsky.envol.ovh\/wp-content\/uploads\/2021\/09\/husky-puppy-with-young-kid-300x200.jpg 300w\" sizes=\"(max-width: 548px) 100vw, 548px\" \/>\t\t\t\t\t\t\t\t\t\t\t\t\t\t\t<\/div>\n\t\t\t\t<\/div>\n\t\t\t\t\t<\/div>\n\t\t<\/div>\n\t\t\t\t\t<\/div>\n\t\t<\/section>\n\t\t\t\t<section class=\"elementor-section elementor-top-section elementor-element elementor-element-5c31fee elementor-section-boxed elementor-section-height-default elementor-section-height-default\" data-id=\"5c31fee\" data-element_type=\"section\">\n\t\t\t\t\t\t<div class=\"elementor-container elementor-column-gap-default\">\n\t\t\t\t\t<div class=\"elementor-column elementor-col-100 elementor-top-column elementor-element elementor-element-7db52c9\" data-id=\"7db52c9\" data-element_type=\"column\">\n\t\t\t<div class=\"elementor-widget-wrap elementor-element-populated\">\n\t\t\t\t\t\t<div class=\"elementor-element elementor-element-adbc63d elementor-widget elementor-widget-heading\" data-id=\"adbc63d\" data-element_type=\"widget\" data-widget_type=\"heading.default\">\n\t\t\t\t<div class=\"elementor-widget-container\">\n\t\t\t\t\t<h2 class=\"elementor-heading-title elementor-size-default\">Einschr\u00e4nkungen festlegen<\/h2>\t\t\t\t<\/div>\n\t\t\t\t<\/div>\n\t\t\t\t\t<\/div>\n\t\t<\/div>\n\t\t\t\t\t<\/div>\n\t\t<\/section>\n\t\t\t\t<section class=\"elementor-section elementor-top-section elementor-element elementor-element-89649f3 elementor-section-boxed elementor-section-height-default elementor-section-height-default\" data-id=\"89649f3\" data-element_type=\"section\">\n\t\t\t\t\t\t<div class=\"elementor-container elementor-column-gap-default\">\n\t\t\t\t\t<div class=\"elementor-column elementor-col-100 elementor-top-column elementor-element elementor-element-dd44a78\" data-id=\"dd44a78\" data-element_type=\"column\">\n\t\t\t<div class=\"elementor-widget-wrap elementor-element-populated\">\n\t\t\t\t\t\t<div class=\"elementor-element elementor-element-f51e9c1 elementor-widget elementor-widget-text-editor\" data-id=\"f51e9c1\" data-element_type=\"widget\" data-widget_type=\"text-editor.default\">\n\t\t\t\t<div class=\"elementor-widget-container\">\n\t\t\t\t\t\t\t\t\t<p>Der letzte Schritt der Vorbereitung w\u00e4re schlie\u00dflich, die Einschr\u00e4nkungen festzulegen, die dem Hund auferlegt werden. Ist es dem Hund z. B. erlaubt, auf Sofas zu sitzen? Mehrere solcher Einschr\u00e4nkungen m\u00fcssen gekl\u00e4rt werden, damit das Training des Hundes reibungslos ablaufen kann. Wenn Sie einen zweiten Stock oder einen Keller haben, darf der Hund diesen betreten? Diese Einschr\u00e4nkungen sind umso wichtiger, wenn Ihr Welpe destruktive Tendenzen hat.<\/p><p>Sie sollten z. B. in Erw\u00e4gung ziehen, ihm den Zugang zu Ihrer K\u00fcche zu verwehren, sofern Sie nicht vorhaben, diese zu renovieren. Au\u00dferdem befinden sich in diesem Raum vielleicht sein Essen und Kr\u00fcmel von Ihrem Essen auf den B\u00f6den, die der Gesundheit Ihres Fellkn\u00e4uels schaden k\u00f6nnten.<\/p><p><strong>Wie bei Aufgaben und Vokabeln ist es auch hier wichtig, dass alle Mitglieder Ihrer Familie wissen, was gef\u00f6rdert und was nicht gef\u00f6rdert werden soll.<\/strong><\/p><p>Zusammenfassend l\u00e4sst sich sagen, dass die Ankunft eines neuen Welpen eine wunderbare Sache ist. Es gibt jedoch einige Schritte, die Sie befolgen sollten, damit alles reibungslos abl\u00e4uft. Die ersten Tage k\u00f6nnen sowohl f\u00fcr den Hund als auch f\u00fcr Ihre Familie stressig sein, und die oben genannten Tipps helfen Ihnen, sich darauf vorzubereiten. Jetzt m\u00fcssen Sie nur noch die ersten Tage mit Ihrem neuen besten Freund genie\u00dfen.<\/p>\t\t\t\t\t\t\t\t<\/div>\n\t\t\t\t<\/div>\n\t\t\t\t\t<\/div>\n\t\t<\/div>\n\t\t\t\t\t<\/div>\n\t\t<\/section>\n\t\t\t\t<section class=\"elementor-section elementor-top-section elementor-element elementor-element-5556ac5 elementor-section-boxed elementor-section-height-default elementor-section-height-default\" data-id=\"5556ac5\" data-element_type=\"section\">\n\t\t\t\t\t\t<div class=\"elementor-container elementor-column-gap-default\">\n\t\t\t\t\t<div class=\"elementor-column elementor-col-100 elementor-top-column elementor-element elementor-element-d59cca9\" data-id=\"d59cca9\" data-element_type=\"column\">\n\t\t\t<div class=\"elementor-widget-wrap elementor-element-populated\">\n\t\t\t\t\t\t<div class=\"elementor-element elementor-element-971fbb9 elementor-widget elementor-widget-text-editor\" data-id=\"971fbb9\" data-element_type=\"widget\" data-widget_type=\"text-editor.default\">\n\t\t\t\t<div class=\"elementor-widget-container\">\n\t\t\t\t\t\t\t\t\t<p style=\"text-align: right;\"><em>Quellen: morgendemaitre<br \/><\/em><\/p>\t\t\t\t\t\t\t\t<\/div>\n\t\t\t\t<\/div>\n\t\t\t\t\t<\/div>\n\t\t<\/div>\n\t\t\t\t\t<\/div>\n\t\t<\/section>\n\t\t\t\t<section class=\"elementor-section elementor-top-section elementor-element elementor-element-def0370 elementor-section-content-middle elementor-section-boxed elementor-section-height-default elementor-section-height-default\" data-id=\"def0370\" data-element_type=\"section\" data-settings=\"{&quot;background_background&quot;:&quot;classic&quot;}\">\n\t\t\t\t\t\t\t<div class=\"elementor-background-overlay\"><\/div>\n\t\t\t\t\t\t\t<div class=\"elementor-container elementor-column-gap-no\">\n\t\t\t\t\t<div class=\"elementor-column elementor-col-50 elementor-top-column elementor-element elementor-element-a4cdfd2\" data-id=\"a4cdfd2\" data-element_type=\"column\">\n\t\t\t<div class=\"elementor-widget-wrap elementor-element-populated\">\n\t\t\t\t\t\t<div class=\"elementor-element elementor-element-4b5c006 elementor-widget elementor-widget-heading\" data-id=\"4b5c006\" data-element_type=\"widget\" data-widget_type=\"heading.default\">\n\t\t\t\t<div class=\"elementor-widget-container\">\n\t\t\t\t\t<h3 class=\"elementor-heading-title elementor-size-default\">Sind Sie daran interessiert, einen Pomsky-Welpen zu adoptieren?<\/h3>\t\t\t\t<\/div>\n\t\t\t\t<\/div>\n\t\t\t\t<div class=\"elementor-element elementor-element-1853dde elementor-widget elementor-widget-text-editor\" data-id=\"1853dde\" data-element_type=\"widget\" data-widget_type=\"text-editor.default\">\n\t\t\t\t<div class=\"elementor-widget-container\">\n\t\t\t\t\t\t\t\t\t<p>Schauen Sie nach, ob wir derzeit Welpen zur Verf\u00fcgung haben.<\/p>\t\t\t\t\t\t\t\t<\/div>\n\t\t\t\t<\/div>\n\t\t\t\t\t<\/div>\n\t\t<\/div>\n\t\t\t\t<div class=\"elementor-column elementor-col-50 elementor-top-column elementor-element elementor-element-186eec9\" data-id=\"186eec9\" data-element_type=\"column\">\n\t\t\t<div class=\"elementor-widget-wrap elementor-element-populated\">\n\t\t\t\t\t\t<div class=\"elementor-element elementor-element-b28e3b6 elementor-align-center elementor-mobile-align-center elementor-tablet-align-right elementor-widget elementor-widget-button\" data-id=\"b28e3b6\" data-element_type=\"widget\" data-widget_type=\"button.default\">\n\t\t\t\t<div class=\"elementor-widget-container\">\n\t\t\t\t\t\t\t\t\t<div class=\"elementor-button-wrapper\">\n\t\t\t\t\t<a class=\"elementor-button elementor-button-link elementor-size-md\" href=\"https:\/\/pomsky.envol.ovh\/de\/tarife\/\">\n\t\t\t\t\t\t<span class=\"elementor-button-content-wrapper\">\n\t\t\t\t\t\t\t\t\t<span class=\"elementor-button-text\">Klicken Sie hier<\/span>\n\t\t\t\t\t<\/span>\n\t\t\t\t\t<\/a>\n\t\t\t\t<\/div>\n\t\t\t\t\t\t\t\t<\/div>\n\t\t\t\t<\/div>\n\t\t\t\t\t<\/div>\n\t\t<\/div>\n\t\t\t\t\t<\/div>\n\t\t<\/section>\n\t\t\t\t<\/div>","protected":false},"excerpt":{"rendered":"<p>Ihren Welpen zu Hause willkommen hei\u00dfen Die Adoption eines Welpen ist ein Ereignis, das das Leben auf den Kopf stellt, besonders wenn es Ihr erstes Mal ist. Sie m\u00fcssen Ihre Lebensgewohnheiten \u00e4ndern, damit Sie Ihrem neuen Freund alles geben k\u00f6nnen, was er braucht. Sie werden an viele Dinge denken m\u00fcssen, nicht nur in Bezug auf das Training des ...<\/p>\n<p class=\"read-more\"> <a class=\"\" href=\"https:\/\/pomsky.envol.ovh\/de\/begrusen-sie-ihren-scheis\/\"> <span class=\"screen-reader-text\">Ihren Pomsky-Welpen willkommen hei\u00dfen<\/span> Weiterlesen \"<\/a><\/p>","protected":false},"author":1,"featured_media":0,"parent":0,"menu_order":0,"comment_status":"closed","ping_status":"closed","template":"","meta":{"site-sidebar-layout":"no-sidebar","site-content-layout":"page-builder","ast-site-content-layout":"","site-content-style":"default","site-sidebar-style":"default","ast-global-header-display":"","ast-banner-title-visibility":"","ast-main-header-display":"","ast-hfb-above-header-display":"","ast-hfb-below-header-display":"","ast-hfb-mobile-header-display":"","site-post-title":"disabled","ast-breadcrumbs-content":"","ast-featured-img":"disabled","footer-sml-layout":"","theme-transparent-header-meta":"enabled","adv-header-id-meta":"","stick-header-meta":"","header-above-stick-meta":"","header-main-stick-meta":"","header-below-stick-meta":"","astra-migrate-meta-layouts":"","ast-page-background-enabled":"default","ast-page-background-meta":{"desktop":{"background-color":"","background-image":"","background-repeat":"repeat","background-position":"center center","background-size":"auto","background-attachment":"scroll","background-type":"","background-media":"","overlay-type":"","overlay-color":"","overlay-gradient":""},"tablet":{"background-color":"","background-image":"","background-repeat":"repeat","background-position":"center center","background-size":"auto","background-attachment":"scroll","background-type":"","background-media":"","overlay-type":"","overlay-color":"","overlay-gradient":""},"mobile":{"background-color":"","background-image":"","background-repeat":"repeat","background-position":"center center","background-size":"auto","background-attachment":"scroll","background-type":"","background-media":"","overlay-type":"","overlay-color":"","overlay-gradient":""}},"ast-content-background-meta":{"desktop":{"background-color":"var(--ast-global-color-5)","background-image":"","background-repeat":"repeat","background-position":"center center","background-size":"auto","background-attachment":"scroll","background-type":"","background-media":"","overlay-type":"","overlay-color":"","overlay-gradient":""},"tablet":{"background-color":"var(--ast-global-color-5)","background-image":"","background-repeat":"repeat","background-position":"center center","background-size":"auto","background-attachment":"scroll","background-type":"","background-media":"","overlay-type":"","overlay-color":"","overlay-gradient":""},"mobile":{"background-color":"var(--ast-global-color-5)","background-image":"","background-repeat":"repeat","background-position":"center center","background-size":"auto","background-attachment":"scroll","background-type":"","background-media":"","overlay-type":"","overlay-color":"","overlay-gradient":""}},"footnotes":""},"class_list":["post-1106","page","type-page","status-publish","hentry"],"_links":{"self":[{"href":"https:\/\/pomsky.envol.ovh\/de\/wp-json\/wp\/v2\/pages\/1106","targetHints":{"allow":["GET"]}}],"collection":[{"href":"https:\/\/pomsky.envol.ovh\/de\/wp-json\/wp\/v2\/pages"}],"about":[{"href":"https:\/\/pomsky.envol.ovh\/de\/wp-json\/wp\/v2\/types\/page"}],"author":[{"embeddable":true,"href":"https:\/\/pomsky.envol.ovh\/de\/wp-json\/wp\/v2\/users\/1"}],"replies":[{"embeddable":true,"href":"https:\/\/pomsky.envol.ovh\/de\/wp-json\/wp\/v2\/comments?post=1106"}],"version-history":[{"count":3,"href":"https:\/\/pomsky.envol.ovh\/de\/wp-json\/wp\/v2\/pages\/1106\/revisions"}],"predecessor-version":[{"id":4677,"href":"https:\/\/pomsky.envol.ovh\/de\/wp-json\/wp\/v2\/pages\/1106\/revisions\/4677"}],"wp:attachment":[{"href":"https:\/\/pomsky.envol.ovh\/de\/wp-json\/wp\/v2\/media?parent=1106"}],"curies":[{"name":"wp","href":"https:\/\/api.w.org\/{rel}","templated":true}]}}