{"id":977,"date":"2020-05-01T19:00:33","date_gmt":"2020-05-01T17:00:33","guid":{"rendered":"https:\/\/munchkin.envol-centre-equestre.com\/?page_id=977"},"modified":"2022-08-09T19:09:34","modified_gmt":"2022-08-09T17:09:34","slug":"notre-elevage","status":"publish","type":"page","link":"https:\/\/pomsky.envol.ovh\/de\/unsere-zucht\/","title":{"rendered":"Unsere Pomsky-Zucht"},"content":{"rendered":"<div data-elementor-type=\"wp-post\" data-elementor-id=\"977\" class=\"elementor elementor-977\" data-elementor-post-type=\"page\">\n\t\t\t\t\t\t<section class=\"elementor-section elementor-top-section elementor-element elementor-element-2cd009c elementor-section-height-min-height elementor-section-content-middle elementor-section-boxed elementor-section-height-default elementor-section-items-middle\" data-id=\"2cd009c\" data-element_type=\"section\" data-settings=\"{&quot;background_background&quot;:&quot;classic&quot;}\">\n\t\t\t\t\t\t\t<div class=\"elementor-background-overlay\"><\/div>\n\t\t\t\t\t\t\t<div class=\"elementor-container elementor-column-gap-default\">\n\t\t\t\t\t<div class=\"elementor-column elementor-col-100 elementor-top-column elementor-element elementor-element-eaf9918\" data-id=\"eaf9918\" data-element_type=\"column\">\n\t\t\t<div class=\"elementor-widget-wrap elementor-element-populated\">\n\t\t\t\t\t\t<div class=\"elementor-element elementor-element-30819d6 elementor-widget elementor-widget-heading\" data-id=\"30819d6\" data-element_type=\"widget\" data-widget_type=\"heading.default\">\n\t\t\t\t<div class=\"elementor-widget-container\">\n\t\t\t\t\t<h1 class=\"elementor-heading-title elementor-size-default\">Unsere Zucht<\/h1>\t\t\t\t<\/div>\n\t\t\t\t<\/div>\n\t\t\t\t<div class=\"elementor-element elementor-element-86f923c elementor-widget elementor-widget-text-editor\" data-id=\"86f923c\" data-element_type=\"widget\" data-widget_type=\"text-editor.default\">\n\t\t\t\t<div class=\"elementor-widget-container\">\n\t\t\t\t\t\t\t\t\t<p>Diese Zucht spiegelt unsere Leidenschaft und all die Liebe wider, die wir unseren Hunden entgegenbringen, die vollwertige Mitglieder unserer Familie sind. Kommen Sie und entdecken Sie unsere Welt.<\/p>\t\t\t\t\t\t\t\t<\/div>\n\t\t\t\t<\/div>\n\t\t\t\t\t<\/div>\n\t\t<\/div>\n\t\t\t\t\t<\/div>\n\t\t<\/section>\n\t\t\t\t<section class=\"elementor-section elementor-top-section elementor-element elementor-element-6eada21 elementor-section-boxed elementor-section-height-default elementor-section-height-default\" data-id=\"6eada21\" data-element_type=\"section\">\n\t\t\t\t\t\t<div class=\"elementor-container elementor-column-gap-default\">\n\t\t\t\t\t<div class=\"elementor-column elementor-col-100 elementor-top-column elementor-element elementor-element-4c66129\" data-id=\"4c66129\" data-element_type=\"column\">\n\t\t\t<div class=\"elementor-widget-wrap elementor-element-populated\">\n\t\t\t\t\t\t<div class=\"elementor-element elementor-element-7dd5c96 elementor-widget elementor-widget-heading\" data-id=\"7dd5c96\" data-element_type=\"widget\" data-widget_type=\"heading.default\">\n\t\t\t\t<div class=\"elementor-widget-container\">\n\t\t\t\t\t<h2 class=\"elementor-heading-title elementor-size-default\">Wo sind wir?<\/h2>\t\t\t\t<\/div>\n\t\t\t\t<\/div>\n\t\t\t\t\t<\/div>\n\t\t<\/div>\n\t\t\t\t\t<\/div>\n\t\t<\/section>\n\t\t\t\t<section class=\"elementor-section elementor-top-section elementor-element elementor-element-f5b127f elementor-section-boxed elementor-section-height-default elementor-section-height-default\" data-id=\"f5b127f\" data-element_type=\"section\">\n\t\t\t\t\t\t<div class=\"elementor-container elementor-column-gap-default\">\n\t\t\t\t\t<div class=\"elementor-column elementor-col-100 elementor-top-column elementor-element elementor-element-a629543\" data-id=\"a629543\" data-element_type=\"column\">\n\t\t\t<div class=\"elementor-widget-wrap elementor-element-populated\">\n\t\t\t\t\t\t<div class=\"elementor-element elementor-element-acc4f78 elementor-widget elementor-widget-text-editor\" data-id=\"acc4f78\" data-element_type=\"widget\" data-widget_type=\"text-editor.default\">\n\t\t\t\t<div class=\"elementor-widget-container\">\n\t\t\t\t\t\t\t\t\t<p>Unsere Pomsky-Zucht befindet sich in Ambares et Lagrave im Departement Gironde in der N\u00e4he von Bordeaux.<\/p><p>Wir sind 20 Minuten vom Bahnhof Saint Jean und 25 Minuten vom Flughafen Bordeaux-M\u00e9rignac entfernt.<\/p>\t\t\t\t\t\t\t\t<\/div>\n\t\t\t\t<\/div>\n\t\t\t\t\t<\/div>\n\t\t<\/div>\n\t\t\t\t\t<\/div>\n\t\t<\/section>\n\t\t\t\t<section class=\"elementor-section elementor-top-section elementor-element elementor-element-915c1ee elementor-section-boxed elementor-section-height-default elementor-section-height-default\" data-id=\"915c1ee\" data-element_type=\"section\">\n\t\t\t\t\t\t<div class=\"elementor-container elementor-column-gap-default\">\n\t\t\t\t\t<div class=\"elementor-column elementor-col-100 elementor-top-column elementor-element elementor-element-5caea3f\" data-id=\"5caea3f\" data-element_type=\"column\">\n\t\t\t<div class=\"elementor-widget-wrap elementor-element-populated\">\n\t\t\t\t\t\t<div class=\"elementor-element elementor-element-54b15c0 elementor-widget elementor-widget-heading\" data-id=\"54b15c0\" data-element_type=\"widget\" data-widget_type=\"heading.default\">\n\t\t\t\t<div class=\"elementor-widget-container\">\n\t\t\t\t\t<h2 class=\"elementor-heading-title elementor-size-default\">Hochwertige Hunde, die mit Liebe aufgezogen werden<\/h2>\t\t\t\t<\/div>\n\t\t\t\t<\/div>\n\t\t\t\t\t<\/div>\n\t\t<\/div>\n\t\t\t\t\t<\/div>\n\t\t<\/section>\n\t\t\t\t<section class=\"elementor-section elementor-top-section elementor-element elementor-element-b9a0db7 elementor-section-boxed elementor-section-height-default elementor-section-height-default\" data-id=\"b9a0db7\" data-element_type=\"section\">\n\t\t\t\t\t\t<div class=\"elementor-container elementor-column-gap-default\">\n\t\t\t\t\t<div class=\"elementor-column elementor-col-50 elementor-top-column elementor-element elementor-element-c4bec91\" data-id=\"c4bec91\" data-element_type=\"column\">\n\t\t\t<div class=\"elementor-widget-wrap elementor-element-populated\">\n\t\t\t\t\t\t<div class=\"elementor-element elementor-element-60cbf04 elementor-widget elementor-widget-text-editor\" data-id=\"60cbf04\" data-element_type=\"widget\" data-widget_type=\"text-editor.default\">\n\t\t\t\t<div class=\"elementor-widget-container\">\n\t\t\t\t\t\t\t\t\t<p>Wir haben uns daf\u00fcr entschieden, Pomsky-Welpen zu z\u00fcchten, die mindestens F3\/F4 sind, d. h. aus einer dritten oder vierten Pomsky-Generation stammen, damit die Welpen in Bezug auf Gr\u00f6\u00dfe, Farbe und Temperament homogen sind.<\/p><p>Unsere Welpen haben daher alle die Husky-Maske, die Augen sind sehr oft blau und die Gr\u00f6\u00dfe betr\u00e4gt ausgewachsen nicht mehr als 12 Kilogramm.<\/p><p>Die Farben k\u00f6nnen schwarz, grau oder agouti (das f\u00fcr uns begehrteste Kleid, das von wilden Genen geerbt wurde, die dem Fell \"Wolfs\"-Nuancen verleihen) sein.<\/p><p>\u00a0<\/p>\t\t\t\t\t\t\t\t<\/div>\n\t\t\t\t<\/div>\n\t\t\t\t\t<\/div>\n\t\t<\/div>\n\t\t\t\t<div class=\"elementor-column elementor-col-50 elementor-top-column elementor-element elementor-element-cbe7b83\" data-id=\"cbe7b83\" data-element_type=\"column\">\n\t\t\t<div class=\"elementor-widget-wrap elementor-element-populated\">\n\t\t\t\t\t\t<div class=\"elementor-element elementor-element-bc84ffc elementor-widget elementor-widget-image\" data-id=\"bc84ffc\" data-element_type=\"widget\" data-widget_type=\"image.default\">\n\t\t\t\t<div class=\"elementor-widget-container\">\n\t\t\t\t\t\t\t\t\t\t\t\t<figure class=\"wp-caption\">\n\t\t\t\t\t\t\t\t\t\t<img fetchpriority=\"high\" decoding=\"async\" width=\"500\" height=\"306\" src=\"https:\/\/pomsky.envol.ovh\/wp-content\/uploads\/2021\/09\/65645889_2312971738970506_4798331596165873664_n.jpg\" class=\"attachment-large size-large wp-image-2635\" alt=\"\" srcset=\"https:\/\/pomsky.envol.ovh\/wp-content\/uploads\/2021\/09\/65645889_2312971738970506_4798331596165873664_n.jpg 500w, https:\/\/pomsky.envol.ovh\/wp-content\/uploads\/2021\/09\/65645889_2312971738970506_4798331596165873664_n-300x184.jpg 300w\" sizes=\"(max-width: 500px) 100vw, 500px\" \/>\t\t\t\t\t\t\t\t\t\t\t<figcaption class=\"widget-image-caption wp-caption-text\">Diese Babys sind wahre Wunder!<\/figcaption>\n\t\t\t\t\t\t\t\t\t\t<\/figure>\n\t\t\t\t\t\t\t\t\t<\/div>\n\t\t\t\t<\/div>\n\t\t\t\t\t<\/div>\n\t\t<\/div>\n\t\t\t\t\t<\/div>\n\t\t<\/section>\n\t\t\t\t<section class=\"elementor-section elementor-top-section elementor-element elementor-element-d924ad6 elementor-section-boxed elementor-section-height-default elementor-section-height-default\" data-id=\"d924ad6\" data-element_type=\"section\">\n\t\t\t\t\t\t<div class=\"elementor-container elementor-column-gap-default\">\n\t\t\t\t\t<div class=\"elementor-column elementor-col-50 elementor-top-column elementor-element elementor-element-e0cea15\" data-id=\"e0cea15\" data-element_type=\"column\">\n\t\t\t<div class=\"elementor-widget-wrap elementor-element-populated\">\n\t\t\t\t\t\t<div class=\"elementor-element elementor-element-ee6524f elementor-widget elementor-widget-image\" data-id=\"ee6524f\" data-element_type=\"widget\" data-widget_type=\"image.default\">\n\t\t\t\t<div class=\"elementor-widget-container\">\n\t\t\t\t\t\t\t\t\t\t\t\t\t\t\t<img decoding=\"async\" width=\"759\" height=\"1024\" src=\"https:\/\/pomsky.envol.ovh\/wp-content\/uploads\/2021\/09\/DSC_0512-759x1024.jpg\" class=\"attachment-large size-large wp-image-2715\" alt=\"\" srcset=\"https:\/\/pomsky.envol.ovh\/wp-content\/uploads\/2021\/09\/DSC_0512-759x1024.jpg 759w, https:\/\/pomsky.envol.ovh\/wp-content\/uploads\/2021\/09\/DSC_0512-222x300.jpg 222w, https:\/\/pomsky.envol.ovh\/wp-content\/uploads\/2021\/09\/DSC_0512-768x1036.jpg 768w, https:\/\/pomsky.envol.ovh\/wp-content\/uploads\/2021\/09\/DSC_0512-1139x1536.jpg 1139w, https:\/\/pomsky.envol.ovh\/wp-content\/uploads\/2021\/09\/DSC_0512.jpg 1401w\" sizes=\"(max-width: 759px) 100vw, 759px\" \/>\t\t\t\t\t\t\t\t\t\t\t\t\t\t\t<\/div>\n\t\t\t\t<\/div>\n\t\t\t\t\t<\/div>\n\t\t<\/div>\n\t\t\t\t<div class=\"elementor-column elementor-col-50 elementor-top-column elementor-element elementor-element-171e59b\" data-id=\"171e59b\" data-element_type=\"column\">\n\t\t\t<div class=\"elementor-widget-wrap elementor-element-populated\">\n\t\t\t\t\t\t<div class=\"elementor-element elementor-element-db5cdee elementor-widget elementor-widget-text-editor\" data-id=\"db5cdee\" data-element_type=\"widget\" data-widget_type=\"text-editor.default\">\n\t\t\t\t<div class=\"elementor-widget-container\">\n\t\t\t\t\t\t\t\t\t<p><strong>Unsere Tiere sind unsere Leidenschaft!<\/strong><\/p><p>Unser erster Beruf sind die Pferde, wir leben in unserem Stall auf einem etwa 20 Hektar gro\u00dfen Gel\u00e4nde mit unseren Pferden, Katzen und nat\u00fcrlich unseren Pomskys.<\/p><p>Unsere Hunde sind, bevor sie Zuchttiere sind, einfach nur unsere Hunde! Wir haben also nur zwei H\u00fcndinnen, Night und Lily, und einen R\u00fcden, Captain, denn mit unserer Border Terrier-Oma Happy ist es schon schlimm genug, wenn wir mit der ganzen Truppe spazieren gehen! Sie haben also verstanden, dass es hier keine Massentierhaltung gibt. Deshalb haben wir jedes Jahr nur sehr wenige Welpen, die wir Ihnen anbieten k\u00f6nnen, aber das ist auch der Grund, warum sich unsere Welpen so wohl in ihren Pfoten f\u00fchlen!<\/p><p>Wir haben das Gl\u00fcck, t\u00e4glich mit unseren Tieren zu leben, und das erm\u00f6glicht es uns, alle unsere Babys so gut wie m\u00f6glich nach ihren eigenen Bed\u00fcrfnissen aufwachsen zu lassen (Fohlen und Welpen sind nicht ganz gleich!).<\/p><div>\u00a0<\/div><div>\u00a0<\/div>\t\t\t\t\t\t\t\t<\/div>\n\t\t\t\t<\/div>\n\t\t\t\t\t<\/div>\n\t\t<\/div>\n\t\t\t\t\t<\/div>\n\t\t<\/section>\n\t\t\t\t<section class=\"elementor-section elementor-top-section elementor-element elementor-element-c2dc675 elementor-section-boxed elementor-section-height-default elementor-section-height-default\" data-id=\"c2dc675\" data-element_type=\"section\">\n\t\t\t\t\t\t<div class=\"elementor-container elementor-column-gap-default\">\n\t\t\t\t\t<div class=\"elementor-column elementor-col-100 elementor-top-column elementor-element elementor-element-c27145d\" data-id=\"c27145d\" data-element_type=\"column\">\n\t\t\t<div class=\"elementor-widget-wrap elementor-element-populated\">\n\t\t\t\t\t\t<div class=\"elementor-element elementor-element-68d87fc elementor-widget elementor-widget-image\" data-id=\"68d87fc\" data-element_type=\"widget\" data-widget_type=\"image.default\">\n\t\t\t\t<div class=\"elementor-widget-container\">\n\t\t\t\t\t\t\t\t\t\t\t\t<figure class=\"wp-caption\">\n\t\t\t\t\t\t\t\t\t\t<img decoding=\"async\" width=\"768\" height=\"1024\" src=\"https:\/\/pomsky.envol.ovh\/wp-content\/uploads\/2021\/09\/73342919_2406053986328947_4331913687011950592_n-768x1024.jpg\" class=\"attachment-medium_large size-medium_large wp-image-2668\" alt=\"\" srcset=\"https:\/\/pomsky.envol.ovh\/wp-content\/uploads\/2021\/09\/73342919_2406053986328947_4331913687011950592_n-768x1024.jpg 768w, https:\/\/pomsky.envol.ovh\/wp-content\/uploads\/2021\/09\/73342919_2406053986328947_4331913687011950592_n-225x300.jpg 225w, https:\/\/pomsky.envol.ovh\/wp-content\/uploads\/2021\/09\/73342919_2406053986328947_4331913687011950592_n-1152x1536.jpg 1152w, https:\/\/pomsky.envol.ovh\/wp-content\/uploads\/2021\/09\/73342919_2406053986328947_4331913687011950592_n.jpg 1440w\" sizes=\"(max-width: 768px) 100vw, 768px\" \/>\t\t\t\t\t\t\t\t\t\t\t<figcaption class=\"widget-image-caption wp-caption-text\">Strand, Pferde und Pomsky - ein Traum!<\/figcaption>\n\t\t\t\t\t\t\t\t\t\t<\/figure>\n\t\t\t\t\t\t\t\t\t<\/div>\n\t\t\t\t<\/div>\n\t\t\t\t\t<\/div>\n\t\t<\/div>\n\t\t\t\t\t<\/div>\n\t\t<\/section>\n\t\t\t\t<section class=\"elementor-section elementor-top-section elementor-element elementor-element-176238c elementor-section-boxed elementor-section-height-default elementor-section-height-default\" data-id=\"176238c\" data-element_type=\"section\">\n\t\t\t\t\t\t<div class=\"elementor-container elementor-column-gap-default\">\n\t\t\t\t\t<div class=\"elementor-column elementor-col-100 elementor-top-column elementor-element elementor-element-8bf7a1e\" data-id=\"8bf7a1e\" data-element_type=\"column\">\n\t\t\t<div class=\"elementor-widget-wrap elementor-element-populated\">\n\t\t\t\t\t\t<div class=\"elementor-element elementor-element-58db262 elementor-widget elementor-widget-heading\" data-id=\"58db262\" data-element_type=\"widget\" data-widget_type=\"heading.default\">\n\t\t\t\t<div class=\"elementor-widget-container\">\n\t\t\t\t\t<h2 class=\"elementor-heading-title elementor-size-default\">Embark-Test und Stammbaum<\/h2>\t\t\t\t<\/div>\n\t\t\t\t<\/div>\n\t\t\t\t\t<\/div>\n\t\t<\/div>\n\t\t\t\t\t<\/div>\n\t\t<\/section>\n\t\t\t\t<section class=\"elementor-section elementor-top-section elementor-element elementor-element-bc95a18 elementor-section-boxed elementor-section-height-default elementor-section-height-default\" data-id=\"bc95a18\" data-element_type=\"section\">\n\t\t\t\t\t\t<div class=\"elementor-container elementor-column-gap-default\">\n\t\t\t\t\t<div class=\"elementor-column elementor-col-50 elementor-top-column elementor-element elementor-element-b82f233\" data-id=\"b82f233\" data-element_type=\"column\">\n\t\t\t<div class=\"elementor-widget-wrap elementor-element-populated\">\n\t\t\t\t\t\t<div class=\"elementor-element elementor-element-73370ee elementor-widget__width-auto elementor-widget elementor-widget-image\" data-id=\"73370ee\" data-element_type=\"widget\" data-widget_type=\"image.default\">\n\t\t\t\t<div class=\"elementor-widget-container\">\n\t\t\t\t\t\t\t\t\t\t\t\t\t\t\t<img loading=\"lazy\" decoding=\"async\" width=\"679\" height=\"652\" src=\"https:\/\/pomsky.envol.ovh\/wp-content\/uploads\/2021\/09\/81J8-U0YwtL._AC_SX679_.jpg\" class=\"attachment-large size-large wp-image-2720\" alt=\"embark adn test\" srcset=\"https:\/\/pomsky.envol.ovh\/wp-content\/uploads\/2021\/09\/81J8-U0YwtL._AC_SX679_.jpg 679w, https:\/\/pomsky.envol.ovh\/wp-content\/uploads\/2021\/09\/81J8-U0YwtL._AC_SX679_-300x288.jpg 300w\" sizes=\"(max-width: 679px) 100vw, 679px\" \/>\t\t\t\t\t\t\t\t\t\t\t\t\t\t\t<\/div>\n\t\t\t\t<\/div>\n\t\t\t\t\t<\/div>\n\t\t<\/div>\n\t\t\t\t<div class=\"elementor-column elementor-col-50 elementor-top-column elementor-element elementor-element-ca512bb\" data-id=\"ca512bb\" data-element_type=\"column\">\n\t\t\t<div class=\"elementor-widget-wrap elementor-element-populated\">\n\t\t\t\t\t\t<div class=\"elementor-element elementor-element-55f9b8e elementor-widget elementor-widget-text-editor\" data-id=\"55f9b8e\" data-element_type=\"widget\" data-widget_type=\"text-editor.default\">\n\t\t\t\t<div class=\"elementor-widget-container\">\n\t\t\t\t\t\t\t\t\t<p>In Frankreich, wo die Eintragung im \"LOF\" die Norm ist, um einen reinrassigen Hund zu erwerben, ist es nicht leicht, sich zurechtzufinden, wenn man auf der Suche nach einem Hund ist, der einer neuen Rasse wie dem Pomsky angeh\u00f6rt.<\/p>\n<p>Da der Pomsky noch nicht von der Societ\u00e9 Centrale Canine anerkannt ist, gilt er (rechtlich gesehen) noch nicht als reinrassiger Hund und kann daher nicht im LOF eingetragen werden, was viele K\u00e4ufer als Garantie ansehen. Das LOF bescheinigt zwar, dass der Hund den im Rassestandard festgelegten Merkmalen entspricht, doch bedeutet dies nicht, dass alle Z\u00fcchter von \"Nicht-LOF-Hunden\" keine qualitativ hochwertige Arbeit leisten.<\/p>\n<p>F\u00fcr den Pomsky gibt es also sowohl seri\u00f6se Z\u00fcchter als auch solche, die weit weniger skrupellos sind.<\/p>\n<p><\/p>\t\t\t\t\t\t\t\t<\/div>\n\t\t\t\t<\/div>\n\t\t\t\t\t<\/div>\n\t\t<\/div>\n\t\t\t\t\t<\/div>\n\t\t<\/section>\n\t\t\t\t<section class=\"elementor-section elementor-top-section elementor-element elementor-element-15ba525 elementor-section-boxed elementor-section-height-default elementor-section-height-default\" data-id=\"15ba525\" data-element_type=\"section\">\n\t\t\t\t\t\t<div class=\"elementor-container elementor-column-gap-default\">\n\t\t\t\t\t<div class=\"elementor-column elementor-col-50 elementor-top-column elementor-element elementor-element-7a0bd6e\" data-id=\"7a0bd6e\" data-element_type=\"column\">\n\t\t\t<div class=\"elementor-widget-wrap elementor-element-populated\">\n\t\t\t\t\t\t<div class=\"elementor-element elementor-element-a4c561d elementor-widget elementor-widget-text-editor\" data-id=\"a4c561d\" data-element_type=\"widget\" data-widget_type=\"text-editor.default\">\n\t\t\t\t<div class=\"elementor-widget-container\">\n\t\t\t\t\t\t\t\t\t<p>Der Embark-Test wird Ihnen zwar nicht beweisen, dass Ihr Hund sch\u00f6n ist, aber er wird Ihnen zumindest sagen, ob es sich um einen Pomsky handelt, d. h. um einen Hund, dessen Gene etwa zur H\u00e4lfte vom Husky und zur anderen H\u00e4lfte vom Pomeranian stammen. Die IPA (International Pomsky Association) oder der EPC (European Pomsky Club) tolerieren 10% von anderen Rassen.<br><\/p>\n<p>Bis unsere Rasse offiziell anerkannt wird, haben wir leider nicht viele M\u00f6glichkeiten, die Ernsthaftigkeit unserer Arbeit zu beweisen. Deshalb haben bei Envol pomsky alle unsere Zuchttiere den Embark-Test, der ihre Herkunft best\u00e4tigt, sowie Tests auf alle bekannten genetischen Krankheiten, die beweisen, dass sie frei von diesen sind.<br><\/p>\t\t\t\t\t\t\t\t<\/div>\n\t\t\t\t<\/div>\n\t\t\t\t\t<\/div>\n\t\t<\/div>\n\t\t\t\t<div class=\"elementor-column elementor-col-50 elementor-top-column elementor-element elementor-element-93fb914\" data-id=\"93fb914\" data-element_type=\"column\">\n\t\t\t<div class=\"elementor-widget-wrap elementor-element-populated\">\n\t\t\t\t\t\t<div class=\"elementor-element elementor-element-b5e7904 elementor-widget elementor-widget-image\" data-id=\"b5e7904\" data-element_type=\"widget\" data-widget_type=\"image.default\">\n\t\t\t\t<div class=\"elementor-widget-container\">\n\t\t\t\t\t\t\t\t\t\t\t\t\t\t\t<img loading=\"lazy\" decoding=\"async\" width=\"300\" height=\"197\" src=\"https:\/\/pomsky.envol.ovh\/wp-content\/uploads\/2021\/09\/6ae660_2fb37869ac184e7d9b0fc29e23015a43_mv2-2-300x197.webp\" class=\"attachment-medium size-medium wp-image-2651\" alt=\"\" srcset=\"https:\/\/pomsky.envol.ovh\/wp-content\/uploads\/2021\/09\/6ae660_2fb37869ac184e7d9b0fc29e23015a43_mv2-2-300x197.webp 300w, https:\/\/pomsky.envol.ovh\/wp-content\/uploads\/2021\/09\/6ae660_2fb37869ac184e7d9b0fc29e23015a43_mv2-2-1024x674.webp 1024w, https:\/\/pomsky.envol.ovh\/wp-content\/uploads\/2021\/09\/6ae660_2fb37869ac184e7d9b0fc29e23015a43_mv2-2-768x505.webp 768w, https:\/\/pomsky.envol.ovh\/wp-content\/uploads\/2021\/09\/6ae660_2fb37869ac184e7d9b0fc29e23015a43_mv2-2.webp 1198w\" sizes=\"(max-width: 300px) 100vw, 300px\" \/>\t\t\t\t\t\t\t\t\t\t\t\t\t\t\t<\/div>\n\t\t\t\t<\/div>\n\t\t\t\t\t<\/div>\n\t\t<\/div>\n\t\t\t\t\t<\/div>\n\t\t<\/section>\n\t\t\t\t<section class=\"elementor-section elementor-top-section elementor-element elementor-element-def0370 elementor-section-content-middle elementor-section-boxed elementor-section-height-default elementor-section-height-default\" data-id=\"def0370\" data-element_type=\"section\" data-settings=\"{&quot;background_background&quot;:&quot;classic&quot;}\">\n\t\t\t\t\t\t\t<div class=\"elementor-background-overlay\"><\/div>\n\t\t\t\t\t\t\t<div class=\"elementor-container elementor-column-gap-no\">\n\t\t\t\t\t<div class=\"elementor-column elementor-col-50 elementor-top-column elementor-element elementor-element-a4cdfd2\" data-id=\"a4cdfd2\" data-element_type=\"column\">\n\t\t\t<div class=\"elementor-widget-wrap elementor-element-populated\">\n\t\t\t\t\t\t<div class=\"elementor-element elementor-element-4b5c006 elementor-widget elementor-widget-heading\" data-id=\"4b5c006\" data-element_type=\"widget\" data-widget_type=\"heading.default\">\n\t\t\t\t<div class=\"elementor-widget-container\">\n\t\t\t\t\t<h3 class=\"elementor-heading-title elementor-size-default\">Sind Sie daran interessiert, einen Pomsky-Welpen zu adoptieren?<\/h3>\t\t\t\t<\/div>\n\t\t\t\t<\/div>\n\t\t\t\t<div class=\"elementor-element elementor-element-1853dde elementor-widget elementor-widget-text-editor\" data-id=\"1853dde\" data-element_type=\"widget\" data-widget_type=\"text-editor.default\">\n\t\t\t\t<div class=\"elementor-widget-container\">\n\t\t\t\t\t\t\t\t\t<p>Schauen Sie nach, ob wir derzeit Welpen zur Verf\u00fcgung haben.<\/p>\t\t\t\t\t\t\t\t<\/div>\n\t\t\t\t<\/div>\n\t\t\t\t\t<\/div>\n\t\t<\/div>\n\t\t\t\t<div class=\"elementor-column elementor-col-50 elementor-top-column elementor-element elementor-element-186eec9\" data-id=\"186eec9\" data-element_type=\"column\">\n\t\t\t<div class=\"elementor-widget-wrap elementor-element-populated\">\n\t\t\t\t\t\t<div class=\"elementor-element elementor-element-b28e3b6 elementor-align-center elementor-mobile-align-center elementor-tablet-align-right elementor-widget elementor-widget-button\" data-id=\"b28e3b6\" data-element_type=\"widget\" data-widget_type=\"button.default\">\n\t\t\t\t<div class=\"elementor-widget-container\">\n\t\t\t\t\t\t\t\t\t<div class=\"elementor-button-wrapper\">\n\t\t\t\t\t<a class=\"elementor-button elementor-button-link elementor-size-md\" href=\"https:\/\/pomsky.envol.ovh\/de\/welpen-verfugbar\/\">\n\t\t\t\t\t\t<span class=\"elementor-button-content-wrapper\">\n\t\t\t\t\t\t\t\t\t<span class=\"elementor-button-text\">Klicken Sie hier<\/span>\n\t\t\t\t\t<\/span>\n\t\t\t\t\t<\/a>\n\t\t\t\t<\/div>\n\t\t\t\t\t\t\t\t<\/div>\n\t\t\t\t<\/div>\n\t\t\t\t\t<\/div>\n\t\t<\/div>\n\t\t\t\t\t<\/div>\n\t\t<\/section>\n\t\t\t\t<\/div>","protected":false},"excerpt":{"rendered":"<p>Unsere Zucht Diese Zucht spiegelt unsere Leidenschaft und all die Liebe wider, die wir unseren Hunden entgegenbringen, die vollwertige Mitglieder unserer Familie sind. Entdecken Sie unsere Welt. Wo sind wir? Unsere Pomsky-Zucht befindet sich in Ambares et Lagrave in der Gironde, in der N\u00e4he von Bordeaux. Wir sind ...<\/p>\n<p class=\"read-more\"> <a class=\"\" href=\"https:\/\/pomsky.envol.ovh\/de\/unsere-zucht\/\"> <span class=\"screen-reader-text\">Unsere Pomsky-Zucht<\/span> Weiterlesen \"<\/a><\/p>","protected":false},"author":1,"featured_media":0,"parent":0,"menu_order":0,"comment_status":"closed","ping_status":"closed","template":"","meta":{"site-sidebar-layout":"no-sidebar","site-content-layout":"page-builder","ast-site-content-layout":"","site-content-style":"default","site-sidebar-style":"default","ast-global-header-display":"","ast-banner-title-visibility":"","ast-main-header-display":"","ast-hfb-above-header-display":"","ast-hfb-below-header-display":"","ast-hfb-mobile-header-display":"","site-post-title":"disabled","ast-breadcrumbs-content":"","ast-featured-img":"disabled","footer-sml-layout":"","theme-transparent-header-meta":"enabled","adv-header-id-meta":"","stick-header-meta":"","header-above-stick-meta":"","header-main-stick-meta":"","header-below-stick-meta":"","astra-migrate-meta-layouts":"","ast-page-background-enabled":"default","ast-page-background-meta":{"desktop":{"background-color":"","background-image":"","background-repeat":"repeat","background-position":"center center","background-size":"auto","background-attachment":"scroll","background-type":"","background-media":"","overlay-type":"","overlay-color":"","overlay-gradient":""},"tablet":{"background-color":"","background-image":"","background-repeat":"repeat","background-position":"center center","background-size":"auto","background-attachment":"scroll","background-type":"","background-media":"","overlay-type":"","overlay-color":"","overlay-gradient":""},"mobile":{"background-color":"","background-image":"","background-repeat":"repeat","background-position":"center center","background-size":"auto","background-attachment":"scroll","background-type":"","background-media":"","overlay-type":"","overlay-color":"","overlay-gradient":""}},"ast-content-background-meta":{"desktop":{"background-color":"var(--ast-global-color-5)","background-image":"","background-repeat":"repeat","background-position":"center center","background-size":"auto","background-attachment":"scroll","background-type":"","background-media":"","overlay-type":"","overlay-color":"","overlay-gradient":""},"tablet":{"background-color":"var(--ast-global-color-5)","background-image":"","background-repeat":"repeat","background-position":"center center","background-size":"auto","background-attachment":"scroll","background-type":"","background-media":"","overlay-type":"","overlay-color":"","overlay-gradient":""},"mobile":{"background-color":"var(--ast-global-color-5)","background-image":"","background-repeat":"repeat","background-position":"center center","background-size":"auto","background-attachment":"scroll","background-type":"","background-media":"","overlay-type":"","overlay-color":"","overlay-gradient":""}},"footnotes":""},"class_list":["post-977","page","type-page","status-publish","hentry"],"_links":{"self":[{"href":"https:\/\/pomsky.envol.ovh\/de\/wp-json\/wp\/v2\/pages\/977","targetHints":{"allow":["GET"]}}],"collection":[{"href":"https:\/\/pomsky.envol.ovh\/de\/wp-json\/wp\/v2\/pages"}],"about":[{"href":"https:\/\/pomsky.envol.ovh\/de\/wp-json\/wp\/v2\/types\/page"}],"author":[{"embeddable":true,"href":"https:\/\/pomsky.envol.ovh\/de\/wp-json\/wp\/v2\/users\/1"}],"replies":[{"embeddable":true,"href":"https:\/\/pomsky.envol.ovh\/de\/wp-json\/wp\/v2\/comments?post=977"}],"version-history":[{"count":3,"href":"https:\/\/pomsky.envol.ovh\/de\/wp-json\/wp\/v2\/pages\/977\/revisions"}],"predecessor-version":[{"id":3803,"href":"https:\/\/pomsky.envol.ovh\/de\/wp-json\/wp\/v2\/pages\/977\/revisions\/3803"}],"wp:attachment":[{"href":"https:\/\/pomsky.envol.ovh\/de\/wp-json\/wp\/v2\/media?parent=977"}],"curies":[{"name":"wp","href":"https:\/\/api.w.org\/{rel}","templated":true}]}}