{"id":1106,"date":"2020-05-09T14:52:31","date_gmt":"2020-05-09T12:52:31","guid":{"rendered":"https:\/\/munchkin.envol-centre-equestre.com\/?page_id=1106"},"modified":"2023-12-02T01:02:59","modified_gmt":"2023-12-02T00:02:59","slug":"accueillir-son-chiot","status":"publish","type":"page","link":"https:\/\/pomsky.envol.ovh\/es\/bienvenido-tu-perrito\/","title":{"rendered":"Recibir a su cachorro Pomsky"},"content":{"rendered":"<div data-elementor-type=\"wp-post\" data-elementor-id=\"1106\" class=\"elementor elementor-1106\" data-elementor-post-type=\"page\">\n\t\t\t\t\t\t<section class=\"elementor-section elementor-top-section elementor-element elementor-element-2cd009c elementor-section-height-min-height elementor-section-content-middle elementor-section-boxed elementor-section-height-default elementor-section-items-middle\" data-id=\"2cd009c\" data-element_type=\"section\" data-settings=\"{&quot;background_background&quot;:&quot;classic&quot;}\">\n\t\t\t\t\t\t\t<div class=\"elementor-background-overlay\"><\/div>\n\t\t\t\t\t\t\t<div class=\"elementor-container elementor-column-gap-default\">\n\t\t\t\t\t<div class=\"elementor-column elementor-col-100 elementor-top-column elementor-element elementor-element-eaf9918\" data-id=\"eaf9918\" data-element_type=\"column\">\n\t\t\t<div class=\"elementor-widget-wrap elementor-element-populated\">\n\t\t\t\t\t\t<div class=\"elementor-element elementor-element-30819d6 elementor-widget elementor-widget-heading\" data-id=\"30819d6\" data-element_type=\"widget\" data-widget_type=\"heading.default\">\n\t\t\t\t<div class=\"elementor-widget-container\">\n\t\t\t\t\t<h1 class=\"elementor-heading-title elementor-size-default\">Recibir al cachorro en casa<\/h1>\t\t\t\t<\/div>\n\t\t\t\t<\/div>\n\t\t\t\t\t<\/div>\n\t\t<\/div>\n\t\t\t\t\t<\/div>\n\t\t<\/section>\n\t\t\t\t<section class=\"elementor-section elementor-top-section elementor-element elementor-element-3aa34b1 elementor-section-boxed elementor-section-height-default elementor-section-height-default\" data-id=\"3aa34b1\" data-element_type=\"section\">\n\t\t\t\t\t\t<div class=\"elementor-container elementor-column-gap-default\">\n\t\t\t\t\t<div class=\"elementor-column elementor-col-100 elementor-top-column elementor-element elementor-element-34514ff\" data-id=\"34514ff\" data-element_type=\"column\">\n\t\t\t<div class=\"elementor-widget-wrap elementor-element-populated\">\n\t\t\t\t\t\t<div class=\"elementor-element elementor-element-67dba40 elementor-widget elementor-widget-text-editor\" data-id=\"67dba40\" data-element_type=\"widget\" data-widget_type=\"text-editor.default\">\n\t\t\t\t<div class=\"elementor-widget-container\">\n\t\t\t\t\t\t\t\t\t<p>Adoptar un cachorro es un acontecimiento que te cambia la vida, sobre todo si es la primera vez. Tendr\u00e1s que cambiar tu estilo de vida para darle a tu nuevo amigo todo lo que necesita. Tendr\u00e1s que pensar en muchas cosas, no s\u00f3lo en el adiestramiento del cachorro una vez que llegues a casa, sino tambi\u00e9n en todo el trabajo de preparaci\u00f3n que tendr\u00e1s que hacer antes de que llegue tu cachorro. He aqu\u00ed los pasos cruciales para una preparaci\u00f3n impecable.<\/p>\t\t\t\t\t\t\t\t<\/div>\n\t\t\t\t<\/div>\n\t\t\t\t\t<\/div>\n\t\t<\/div>\n\t\t\t\t\t<\/div>\n\t\t<\/section>\n\t\t\t\t<section class=\"elementor-section elementor-top-section elementor-element elementor-element-6eada21 elementor-section-boxed elementor-section-height-default elementor-section-height-default\" data-id=\"6eada21\" data-element_type=\"section\">\n\t\t\t\t\t\t<div class=\"elementor-container elementor-column-gap-default\">\n\t\t\t\t\t<div class=\"elementor-column elementor-col-100 elementor-top-column elementor-element elementor-element-4c66129\" data-id=\"4c66129\" data-element_type=\"column\">\n\t\t\t<div class=\"elementor-widget-wrap elementor-element-populated\">\n\t\t\t\t\t\t<div class=\"elementor-element elementor-element-7dd5c96 elementor-widget elementor-widget-heading\" data-id=\"7dd5c96\" data-element_type=\"widget\" data-widget_type=\"heading.default\">\n\t\t\t\t<div class=\"elementor-widget-container\">\n\t\t\t\t\t<h2 class=\"elementor-heading-title elementor-size-default\">Limpiar la casa para recibir a tu cachorro<\/h2>\t\t\t\t<\/div>\n\t\t\t\t<\/div>\n\t\t\t\t\t<\/div>\n\t\t<\/div>\n\t\t\t\t\t<\/div>\n\t\t<\/section>\n\t\t\t\t<section class=\"elementor-section elementor-top-section elementor-element elementor-element-23c4fc6 elementor-section-boxed elementor-section-height-default elementor-section-height-default\" data-id=\"23c4fc6\" data-element_type=\"section\">\n\t\t\t\t\t\t<div class=\"elementor-container elementor-column-gap-default\">\n\t\t\t\t\t<div class=\"elementor-column elementor-col-50 elementor-top-column elementor-element elementor-element-39d7d5e\" data-id=\"39d7d5e\" data-element_type=\"column\">\n\t\t\t<div class=\"elementor-widget-wrap elementor-element-populated\">\n\t\t\t\t\t\t<div class=\"elementor-element elementor-element-53d0d28 elementor-widget elementor-widget-text-editor\" data-id=\"53d0d28\" data-element_type=\"widget\" data-widget_type=\"text-editor.default\">\n\t\t\t\t<div class=\"elementor-widget-container\">\n\t\t\t\t\t\t\t\t\t<p>En primer lugar, hay que limpiar la casa. Una vez pasado el estr\u00e9s del nuevo entorno, tu cachorro querr\u00e1 explorar todos los rincones de su nuevo hogar. Por tanto, huelga decir que la casa debe estar limpia para evitar que tu cachorro encuentre peque\u00f1os bocados que comer. Al mismo tiempo, es probable que descubras algunos rincones un poco m\u00e1s peligrosos para tu nuevo amigo, y que intentes resolver la situaci\u00f3n. Por ejemplo, si no quieres que tu perro se coma tus plantas, quiz\u00e1 tengas que colocarlas en alto. Lo mismo ocurre con los mostradores. De momento, Pitou es peque\u00f1o y no puede alcanzar la comida. Pero a medida que crezca, su perro se dar\u00e1 cuenta r\u00e1pidamente de que puede saltar sobre los mostradores y encontrar comida. Lo mejor es guardarlo todo.<\/p><p><strong>Cu\u00eddate:<\/strong><\/p><ul><li>Plantas que a veces son t\u00f3xicas<\/li><li>Restos de comida que puedan envenenar a tu cachorro (por ejemplo, chocolate)<\/li><li>Cables el\u00e9ctricos<\/li><li>Productos dom\u00e9sticos y medicamentos potencialmente peligrosos para su perro<\/li><\/ul>\t\t\t\t\t\t\t\t<\/div>\n\t\t\t\t<\/div>\n\t\t\t\t\t<\/div>\n\t\t<\/div>\n\t\t\t\t<div class=\"elementor-column elementor-col-50 elementor-top-column elementor-element elementor-element-b339281\" data-id=\"b339281\" data-element_type=\"column\">\n\t\t\t<div class=\"elementor-widget-wrap elementor-element-populated\">\n\t\t\t\t\t\t<div class=\"elementor-element elementor-element-c215d27 elementor-widget elementor-widget-image\" data-id=\"c215d27\" data-element_type=\"widget\" data-widget_type=\"image.default\">\n\t\t\t\t<div class=\"elementor-widget-container\">\n\t\t\t\t\t\t\t\t\t\t\t\t\t\t\t<img fetchpriority=\"high\" decoding=\"async\" width=\"1024\" height=\"683\" src=\"https:\/\/pomsky.envol.ovh\/wp-content\/uploads\/2021\/09\/DIY-Carpet-Cleaning-Hoover-Pet-9-1024x683.webp\" class=\"attachment-large size-large wp-image-2793\" alt=\"\" srcset=\"https:\/\/pomsky.envol.ovh\/wp-content\/uploads\/2021\/09\/DIY-Carpet-Cleaning-Hoover-Pet-9-1024x683.webp 1024w, https:\/\/pomsky.envol.ovh\/wp-content\/uploads\/2021\/09\/DIY-Carpet-Cleaning-Hoover-Pet-9-300x200.webp 300w, https:\/\/pomsky.envol.ovh\/wp-content\/uploads\/2021\/09\/DIY-Carpet-Cleaning-Hoover-Pet-9-768x512.webp 768w, https:\/\/pomsky.envol.ovh\/wp-content\/uploads\/2021\/09\/DIY-Carpet-Cleaning-Hoover-Pet-9.webp 1500w\" sizes=\"(max-width: 1024px) 100vw, 1024px\" \/>\t\t\t\t\t\t\t\t\t\t\t\t\t\t\t<\/div>\n\t\t\t\t<\/div>\n\t\t\t\t\t<\/div>\n\t\t<\/div>\n\t\t\t\t\t<\/div>\n\t\t<\/section>\n\t\t\t\t<section class=\"elementor-section elementor-top-section elementor-element elementor-element-8b7f106 elementor-section-boxed elementor-section-height-default elementor-section-height-default\" data-id=\"8b7f106\" data-element_type=\"section\">\n\t\t\t\t\t\t<div class=\"elementor-container elementor-column-gap-default\">\n\t\t\t\t\t<div class=\"elementor-column elementor-col-100 elementor-top-column elementor-element elementor-element-0297a83\" data-id=\"0297a83\" data-element_type=\"column\">\n\t\t\t<div class=\"elementor-widget-wrap elementor-element-populated\">\n\t\t\t\t\t\t<div class=\"elementor-element elementor-element-b3fdd36 elementor-widget elementor-widget-heading\" data-id=\"b3fdd36\" data-element_type=\"widget\" data-widget_type=\"heading.default\">\n\t\t\t\t<div class=\"elementor-widget-container\">\n\t\t\t\t\t<h2 class=\"elementor-heading-title elementor-size-default\">Compra de suministros y accesorios<\/h2>\t\t\t\t<\/div>\n\t\t\t\t<\/div>\n\t\t\t\t\t<\/div>\n\t\t<\/div>\n\t\t\t\t\t<\/div>\n\t\t<\/section>\n\t\t\t\t<section class=\"elementor-section elementor-top-section elementor-element elementor-element-409a87f elementor-section-boxed elementor-section-height-default elementor-section-height-default\" data-id=\"409a87f\" data-element_type=\"section\">\n\t\t\t\t\t\t<div class=\"elementor-container elementor-column-gap-default\">\n\t\t\t\t\t<div class=\"elementor-column elementor-col-50 elementor-top-column elementor-element elementor-element-4c090c9\" data-id=\"4c090c9\" data-element_type=\"column\">\n\t\t\t<div class=\"elementor-widget-wrap elementor-element-populated\">\n\t\t\t\t\t\t<div class=\"elementor-element elementor-element-99b2da6 elementor-widget elementor-widget-image\" data-id=\"99b2da6\" data-element_type=\"widget\" data-widget_type=\"image.default\">\n\t\t\t\t<div class=\"elementor-widget-container\">\n\t\t\t\t\t\t\t\t\t\t\t\t\t\t\t<img decoding=\"async\" width=\"300\" height=\"201\" src=\"https:\/\/pomsky.envol.ovh\/wp-content\/uploads\/2021\/09\/husky-puppy-playing-toy-little-260nw-1842917449-300x201.webp\" class=\"attachment-medium size-medium wp-image-2792\" alt=\"\" srcset=\"https:\/\/pomsky.envol.ovh\/wp-content\/uploads\/2021\/09\/husky-puppy-playing-toy-little-260nw-1842917449-300x201.webp 300w, https:\/\/pomsky.envol.ovh\/wp-content\/uploads\/2021\/09\/husky-puppy-playing-toy-little-260nw-1842917449.webp 388w\" sizes=\"(max-width: 300px) 100vw, 300px\" \/>\t\t\t\t\t\t\t\t\t\t\t\t\t\t\t<\/div>\n\t\t\t\t<\/div>\n\t\t\t\t\t<\/div>\n\t\t<\/div>\n\t\t\t\t<div class=\"elementor-column elementor-col-50 elementor-top-column elementor-element elementor-element-0d6086f\" data-id=\"0d6086f\" data-element_type=\"column\">\n\t\t\t<div class=\"elementor-widget-wrap elementor-element-populated\">\n\t\t\t\t\t\t<div class=\"elementor-element elementor-element-fa9dfaf elementor-widget elementor-widget-text-editor\" data-id=\"fa9dfaf\" data-element_type=\"widget\" data-widget_type=\"text-editor.default\">\n\t\t\t\t<div class=\"elementor-widget-container\">\n\t\t\t\t\t\t\t\t\t<p>Otro paso importante es visitar la tienda de animales m\u00e1s cercana y comprar todo lo que el cachorro necesitar\u00e1 en cuanto llegue. Esto incluye comederos y bebederos, una cama, juguetes, un collar y una correa. No dudes en pedir consejo. <\/p><p>Tambi\u00e9n tendr\u00e1s que comprar su comida: algunas tiendas de animales venden Easy Barf, consulta su p\u00e1gina web, \u00a1puede que haya una cerca de ti!<\/p>\t\t\t\t\t\t\t\t<\/div>\n\t\t\t\t<\/div>\n\t\t\t\t\t<\/div>\n\t\t<\/div>\n\t\t\t\t\t<\/div>\n\t\t<\/section>\n\t\t\t\t<section class=\"elementor-section elementor-top-section elementor-element elementor-element-72d7f51 elementor-section-boxed elementor-section-height-default elementor-section-height-default\" data-id=\"72d7f51\" data-element_type=\"section\">\n\t\t\t\t\t\t<div class=\"elementor-container elementor-column-gap-default\">\n\t\t\t\t\t<div class=\"elementor-column elementor-col-100 elementor-top-column elementor-element elementor-element-6560e7f\" data-id=\"6560e7f\" data-element_type=\"column\">\n\t\t\t<div class=\"elementor-widget-wrap elementor-element-populated\">\n\t\t\t\t\t\t<div class=\"elementor-element elementor-element-7b38a19 elementor-widget elementor-widget-heading\" data-id=\"7b38a19\" data-element_type=\"widget\" data-widget_type=\"heading.default\">\n\t\t\t\t<div class=\"elementor-widget-container\">\n\t\t\t\t\t<h2 class=\"elementor-heading-title elementor-size-default\">Preparar a su familia para la llegada de su cachorro<\/h2>\t\t\t\t<\/div>\n\t\t\t\t<\/div>\n\t\t\t\t\t<\/div>\n\t\t<\/div>\n\t\t\t\t\t<\/div>\n\t\t<\/section>\n\t\t\t\t<section class=\"elementor-section elementor-top-section elementor-element elementor-element-54ad76e elementor-section-boxed elementor-section-height-default elementor-section-height-default\" data-id=\"54ad76e\" data-element_type=\"section\">\n\t\t\t\t\t\t<div class=\"elementor-container elementor-column-gap-default\">\n\t\t\t\t\t<div class=\"elementor-column elementor-col-50 elementor-top-column elementor-element elementor-element-df96f50\" data-id=\"df96f50\" data-element_type=\"column\">\n\t\t\t<div class=\"elementor-widget-wrap elementor-element-populated\">\n\t\t\t\t\t\t<div class=\"elementor-element elementor-element-7dc78ad elementor-widget elementor-widget-text-editor\" data-id=\"7dc78ad\" data-element_type=\"widget\" data-widget_type=\"text-editor.default\">\n\t\t\t\t<div class=\"elementor-widget-container\">\n\t\t\t\t\t\t\t\t\t<p>Una vez limpia la casa y comprados los accesorios, tambi\u00e9n hay que asegurarse de que todos los miembros de la familia est\u00e9n de acuerdo. Es una buena idea hablar de las nuevas responsabilidades con la familia. Una vez que las hay\u00e1is discutido, puedes elaborar una lista de comprobaci\u00f3n de las funciones que cada uno tendr\u00e1 que desempe\u00f1ar.<\/p><p>Algunas tareas que no debe olvidar son: los paseos, la alimentaci\u00f3n, la gesti\u00f3n de la reserva e incluso el aseo. No olvides que la peluquer\u00eda canina puede implicar diferentes etapas en la vida diaria de tu perro que no debes descuidar.<\/p><p>Sin embargo, la formaci\u00f3n es una tarea colectiva que incumbe a todos los miembros de la familia para que se desarrolle sin contratiempos.<\/p><p>Tambi\u00e9n es buena idea elaborar una lista de vocabulario que utilizar\u00e1 toda la familia cuando hable con el perro. As\u00ed evitar\u00e1s confusiones y tu perro aprender\u00e1 mucho m\u00e1s r\u00e1pido que si uno dice \"Aqu\u00ed\" y el otro \"Ven\".\u00a0<\/p>\t\t\t\t\t\t\t\t<\/div>\n\t\t\t\t<\/div>\n\t\t\t\t\t<\/div>\n\t\t<\/div>\n\t\t\t\t<div class=\"elementor-column elementor-col-50 elementor-top-column elementor-element elementor-element-da92a22\" data-id=\"da92a22\" data-element_type=\"column\">\n\t\t\t<div class=\"elementor-widget-wrap elementor-element-populated\">\n\t\t\t\t\t\t<div class=\"elementor-element elementor-element-1e115d5 elementor-widget elementor-widget-image\" data-id=\"1e115d5\" data-element_type=\"widget\" data-widget_type=\"image.default\">\n\t\t\t\t<div class=\"elementor-widget-container\">\n\t\t\t\t\t\t\t\t\t\t\t\t\t\t\t<img decoding=\"async\" width=\"548\" height=\"365\" src=\"https:\/\/pomsky.envol.ovh\/wp-content\/uploads\/2021\/09\/husky-puppy-with-young-kid.jpg\" class=\"attachment-large size-large wp-image-2794\" alt=\"\" srcset=\"https:\/\/pomsky.envol.ovh\/wp-content\/uploads\/2021\/09\/husky-puppy-with-young-kid.jpg 548w, https:\/\/pomsky.envol.ovh\/wp-content\/uploads\/2021\/09\/husky-puppy-with-young-kid-300x200.jpg 300w\" sizes=\"(max-width: 548px) 100vw, 548px\" \/>\t\t\t\t\t\t\t\t\t\t\t\t\t\t\t<\/div>\n\t\t\t\t<\/div>\n\t\t\t\t\t<\/div>\n\t\t<\/div>\n\t\t\t\t\t<\/div>\n\t\t<\/section>\n\t\t\t\t<section class=\"elementor-section elementor-top-section elementor-element elementor-element-5c31fee elementor-section-boxed elementor-section-height-default elementor-section-height-default\" data-id=\"5c31fee\" data-element_type=\"section\">\n\t\t\t\t\t\t<div class=\"elementor-container elementor-column-gap-default\">\n\t\t\t\t\t<div class=\"elementor-column elementor-col-100 elementor-top-column elementor-element elementor-element-7db52c9\" data-id=\"7db52c9\" data-element_type=\"column\">\n\t\t\t<div class=\"elementor-widget-wrap elementor-element-populated\">\n\t\t\t\t\t\t<div class=\"elementor-element elementor-element-adbc63d elementor-widget elementor-widget-heading\" data-id=\"adbc63d\" data-element_type=\"widget\" data-widget_type=\"heading.default\">\n\t\t\t\t<div class=\"elementor-widget-container\">\n\t\t\t\t\t<h2 class=\"elementor-heading-title elementor-size-default\">Establecimiento de restricciones<\/h2>\t\t\t\t<\/div>\n\t\t\t\t<\/div>\n\t\t\t\t\t<\/div>\n\t\t<\/div>\n\t\t\t\t\t<\/div>\n\t\t<\/section>\n\t\t\t\t<section class=\"elementor-section elementor-top-section elementor-element elementor-element-89649f3 elementor-section-boxed elementor-section-height-default elementor-section-height-default\" data-id=\"89649f3\" data-element_type=\"section\">\n\t\t\t\t\t\t<div class=\"elementor-container elementor-column-gap-default\">\n\t\t\t\t\t<div class=\"elementor-column elementor-col-100 elementor-top-column elementor-element elementor-element-dd44a78\" data-id=\"dd44a78\" data-element_type=\"column\">\n\t\t\t<div class=\"elementor-widget-wrap elementor-element-populated\">\n\t\t\t\t\t\t<div class=\"elementor-element elementor-element-f51e9c1 elementor-widget elementor-widget-text-editor\" data-id=\"f51e9c1\" data-element_type=\"widget\" data-widget_type=\"text-editor.default\">\n\t\t\t\t<div class=\"elementor-widget-container\">\n\t\t\t\t\t\t\t\t\t<p>Por \u00faltimo, la \u00faltima fase de la preparaci\u00f3n consiste en establecer las restricciones que se impondr\u00e1n al perro. Por ejemplo, \u00bfpodr\u00e1 subirse a los sof\u00e1s? Hay que aclarar varias restricciones de este tipo para que el adiestramiento del perro transcurra sin contratiempos. Si tiene un segundo piso o un s\u00f3tano, \u00bfpodr\u00e1 acceder el perro? Estas restricciones son a\u00fan m\u00e1s importantes si el cachorro tiene tendencias destructivas.<\/p><p>Por ejemplo, deber\u00edas plantearte prohibirle la entrada a tu cocina, a no ser que est\u00e9s pensando en renovarla. Es m\u00e1s, en esa habitaci\u00f3n puede haber comida suya y migas tuyas por el suelo, lo que podr\u00eda ser perjudicial para la salud de tu bola de pelo.<\/p><p><strong>Al igual que con las tareas y el vocabulario, lo importante es que todos los miembros de tu familia sepan qu\u00e9 hay que fomentar y qu\u00e9 no.<\/strong><\/p><p>En conclusi\u00f3n, la llegada de un nuevo cachorro es algo maravilloso. Sin embargo, hay una serie de pasos que debe dar para que todo vaya sobre ruedas. Los primeros d\u00edas pueden ser estresantes tanto para su perro como para su familia, y los consejos anteriores le ayudar\u00e1n a prepararse para ello. Ahora s\u00f3lo tiene que disfrutar de esos primeros d\u00edas con su nuevo mejor amigo.<\/p>\t\t\t\t\t\t\t\t<\/div>\n\t\t\t\t<\/div>\n\t\t\t\t\t<\/div>\n\t\t<\/div>\n\t\t\t\t\t<\/div>\n\t\t<\/section>\n\t\t\t\t<section class=\"elementor-section elementor-top-section elementor-element elementor-element-5556ac5 elementor-section-boxed elementor-section-height-default elementor-section-height-default\" data-id=\"5556ac5\" data-element_type=\"section\">\n\t\t\t\t\t\t<div class=\"elementor-container elementor-column-gap-default\">\n\t\t\t\t\t<div class=\"elementor-column elementor-col-100 elementor-top-column elementor-element elementor-element-d59cca9\" data-id=\"d59cca9\" data-element_type=\"column\">\n\t\t\t<div class=\"elementor-widget-wrap elementor-element-populated\">\n\t\t\t\t\t\t<div class=\"elementor-element elementor-element-971fbb9 elementor-widget elementor-widget-text-editor\" data-id=\"971fbb9\" data-element_type=\"widget\" data-widget_type=\"text-editor.default\">\n\t\t\t\t<div class=\"elementor-widget-container\">\n\t\t\t\t\t\t\t\t\t<p style=\"text-align: right;\"><em>Fuentes: tomorrowdemaitre<br \/><\/em><\/p>\t\t\t\t\t\t\t\t<\/div>\n\t\t\t\t<\/div>\n\t\t\t\t\t<\/div>\n\t\t<\/div>\n\t\t\t\t\t<\/div>\n\t\t<\/section>\n\t\t\t\t<section class=\"elementor-section elementor-top-section elementor-element elementor-element-def0370 elementor-section-content-middle elementor-section-boxed elementor-section-height-default elementor-section-height-default\" data-id=\"def0370\" data-element_type=\"section\" data-settings=\"{&quot;background_background&quot;:&quot;classic&quot;}\">\n\t\t\t\t\t\t\t<div class=\"elementor-background-overlay\"><\/div>\n\t\t\t\t\t\t\t<div class=\"elementor-container elementor-column-gap-no\">\n\t\t\t\t\t<div class=\"elementor-column elementor-col-50 elementor-top-column elementor-element elementor-element-a4cdfd2\" data-id=\"a4cdfd2\" data-element_type=\"column\">\n\t\t\t<div class=\"elementor-widget-wrap elementor-element-populated\">\n\t\t\t\t\t\t<div class=\"elementor-element elementor-element-4b5c006 elementor-widget elementor-widget-heading\" data-id=\"4b5c006\" data-element_type=\"widget\" data-widget_type=\"heading.default\">\n\t\t\t\t<div class=\"elementor-widget-container\">\n\t\t\t\t\t<h3 class=\"elementor-heading-title elementor-size-default\">\u00bfLe interesa adoptar un cachorro de Pomsky?<\/h3>\t\t\t\t<\/div>\n\t\t\t\t<\/div>\n\t\t\t\t<div class=\"elementor-element elementor-element-1853dde elementor-widget elementor-widget-text-editor\" data-id=\"1853dde\" data-element_type=\"widget\" data-widget_type=\"text-editor.default\">\n\t\t\t\t<div class=\"elementor-widget-container\">\n\t\t\t\t\t\t\t\t\t<p>Ven a ver si tenemos alg\u00fan cachorro disponible en este momento.<\/p>\t\t\t\t\t\t\t\t<\/div>\n\t\t\t\t<\/div>\n\t\t\t\t\t<\/div>\n\t\t<\/div>\n\t\t\t\t<div class=\"elementor-column elementor-col-50 elementor-top-column elementor-element elementor-element-186eec9\" data-id=\"186eec9\" data-element_type=\"column\">\n\t\t\t<div class=\"elementor-widget-wrap elementor-element-populated\">\n\t\t\t\t\t\t<div class=\"elementor-element elementor-element-b28e3b6 elementor-align-center elementor-mobile-align-center elementor-tablet-align-right elementor-widget elementor-widget-button\" data-id=\"b28e3b6\" data-element_type=\"widget\" data-widget_type=\"button.default\">\n\t\t\t\t<div class=\"elementor-widget-container\">\n\t\t\t\t\t\t\t\t\t<div class=\"elementor-button-wrapper\">\n\t\t\t\t\t<a class=\"elementor-button elementor-button-link elementor-size-md\" href=\"https:\/\/pomsky.envol.ovh\/es\/tarifas\/\">\n\t\t\t\t\t\t<span class=\"elementor-button-content-wrapper\">\n\t\t\t\t\t\t\t\t\t<span class=\"elementor-button-text\">Pulse aqu\u00ed<\/span>\n\t\t\t\t\t<\/span>\n\t\t\t\t\t<\/a>\n\t\t\t\t<\/div>\n\t\t\t\t\t\t\t\t<\/div>\n\t\t\t\t<\/div>\n\t\t\t\t\t<\/div>\n\t\t<\/div>\n\t\t\t\t\t<\/div>\n\t\t<\/section>\n\t\t\t\t<\/div>","protected":false},"excerpt":{"rendered":"<p>Recibir a tu cachorro en casa Adoptar un cachorro es un acontecimiento que cambia la vida, sobre todo si es el primero. Tendr\u00e1s que cambiar tu estilo de vida para darle a tu nuevo amigo todo lo que necesita. Tendr\u00e1s que pensar en muchas cosas, no s\u00f3lo en el adiestramiento del cachorro, sino tambi\u00e9n en c\u00f3mo vas a ...<\/p>\n<p class=\"read-more\"> <a class=\"\" href=\"https:\/\/pomsky.envol.ovh\/es\/bienvenido-tu-perrito\/\"> <span class=\"screen-reader-text\">Recibir a su cachorro Pomsky<\/span> Leer m\u00e1s \"<\/a><\/p>","protected":false},"author":1,"featured_media":0,"parent":0,"menu_order":0,"comment_status":"closed","ping_status":"closed","template":"","meta":{"site-sidebar-layout":"no-sidebar","site-content-layout":"page-builder","ast-site-content-layout":"","site-content-style":"default","site-sidebar-style":"default","ast-global-header-display":"","ast-banner-title-visibility":"","ast-main-header-display":"","ast-hfb-above-header-display":"","ast-hfb-below-header-display":"","ast-hfb-mobile-header-display":"","site-post-title":"disabled","ast-breadcrumbs-content":"","ast-featured-img":"disabled","footer-sml-layout":"","theme-transparent-header-meta":"enabled","adv-header-id-meta":"","stick-header-meta":"","header-above-stick-meta":"","header-main-stick-meta":"","header-below-stick-meta":"","astra-migrate-meta-layouts":"","ast-page-background-enabled":"default","ast-page-background-meta":{"desktop":{"background-color":"","background-image":"","background-repeat":"repeat","background-position":"center center","background-size":"auto","background-attachment":"scroll","background-type":"","background-media":"","overlay-type":"","overlay-color":"","overlay-gradient":""},"tablet":{"background-color":"","background-image":"","background-repeat":"repeat","background-position":"center center","background-size":"auto","background-attachment":"scroll","background-type":"","background-media":"","overlay-type":"","overlay-color":"","overlay-gradient":""},"mobile":{"background-color":"","background-image":"","background-repeat":"repeat","background-position":"center center","background-size":"auto","background-attachment":"scroll","background-type":"","background-media":"","overlay-type":"","overlay-color":"","overlay-gradient":""}},"ast-content-background-meta":{"desktop":{"background-color":"var(--ast-global-color-5)","background-image":"","background-repeat":"repeat","background-position":"center center","background-size":"auto","background-attachment":"scroll","background-type":"","background-media":"","overlay-type":"","overlay-color":"","overlay-gradient":""},"tablet":{"background-color":"var(--ast-global-color-5)","background-image":"","background-repeat":"repeat","background-position":"center center","background-size":"auto","background-attachment":"scroll","background-type":"","background-media":"","overlay-type":"","overlay-color":"","overlay-gradient":""},"mobile":{"background-color":"var(--ast-global-color-5)","background-image":"","background-repeat":"repeat","background-position":"center center","background-size":"auto","background-attachment":"scroll","background-type":"","background-media":"","overlay-type":"","overlay-color":"","overlay-gradient":""}},"footnotes":""},"class_list":["post-1106","page","type-page","status-publish","hentry"],"_links":{"self":[{"href":"https:\/\/pomsky.envol.ovh\/es\/wp-json\/wp\/v2\/pages\/1106","targetHints":{"allow":["GET"]}}],"collection":[{"href":"https:\/\/pomsky.envol.ovh\/es\/wp-json\/wp\/v2\/pages"}],"about":[{"href":"https:\/\/pomsky.envol.ovh\/es\/wp-json\/wp\/v2\/types\/page"}],"author":[{"embeddable":true,"href":"https:\/\/pomsky.envol.ovh\/es\/wp-json\/wp\/v2\/users\/1"}],"replies":[{"embeddable":true,"href":"https:\/\/pomsky.envol.ovh\/es\/wp-json\/wp\/v2\/comments?post=1106"}],"version-history":[{"count":3,"href":"https:\/\/pomsky.envol.ovh\/es\/wp-json\/wp\/v2\/pages\/1106\/revisions"}],"predecessor-version":[{"id":4677,"href":"https:\/\/pomsky.envol.ovh\/es\/wp-json\/wp\/v2\/pages\/1106\/revisions\/4677"}],"wp:attachment":[{"href":"https:\/\/pomsky.envol.ovh\/es\/wp-json\/wp\/v2\/media?parent=1106"}],"curies":[{"name":"wp","href":"https:\/\/api.w.org\/{rel}","templated":true}]}}