{"id":1106,"date":"2020-05-09T14:52:31","date_gmt":"2020-05-09T12:52:31","guid":{"rendered":"https:\/\/munchkin.envol-centre-equestre.com\/?page_id=1106"},"modified":"2023-12-02T01:02:59","modified_gmt":"2023-12-02T00:02:59","slug":"accueillir-son-chiot","status":"publish","type":"page","link":"https:\/\/pomsky.envol.ovh\/it\/accogliete-il-vostro-cucciolo\/","title":{"rendered":"Accogliere il vostro cucciolo di Pomsky"},"content":{"rendered":"<div data-elementor-type=\"wp-post\" data-elementor-id=\"1106\" class=\"elementor elementor-1106\" data-elementor-post-type=\"page\">\n\t\t\t\t\t\t<section class=\"elementor-section elementor-top-section elementor-element elementor-element-2cd009c elementor-section-height-min-height elementor-section-content-middle elementor-section-boxed elementor-section-height-default elementor-section-items-middle\" data-id=\"2cd009c\" data-element_type=\"section\" data-settings=\"{&quot;background_background&quot;:&quot;classic&quot;}\">\n\t\t\t\t\t\t\t<div class=\"elementor-background-overlay\"><\/div>\n\t\t\t\t\t\t\t<div class=\"elementor-container elementor-column-gap-default\">\n\t\t\t\t\t<div class=\"elementor-column elementor-col-100 elementor-top-column elementor-element elementor-element-eaf9918\" data-id=\"eaf9918\" data-element_type=\"column\">\n\t\t\t<div class=\"elementor-widget-wrap elementor-element-populated\">\n\t\t\t\t\t\t<div class=\"elementor-element elementor-element-30819d6 elementor-widget elementor-widget-heading\" data-id=\"30819d6\" data-element_type=\"widget\" data-widget_type=\"heading.default\">\n\t\t\t\t<div class=\"elementor-widget-container\">\n\t\t\t\t\t<h1 class=\"elementor-heading-title elementor-size-default\">Accogliere il cucciolo a casa<\/h1>\t\t\t\t<\/div>\n\t\t\t\t<\/div>\n\t\t\t\t\t<\/div>\n\t\t<\/div>\n\t\t\t\t\t<\/div>\n\t\t<\/section>\n\t\t\t\t<section class=\"elementor-section elementor-top-section elementor-element elementor-element-3aa34b1 elementor-section-boxed elementor-section-height-default elementor-section-height-default\" data-id=\"3aa34b1\" data-element_type=\"section\">\n\t\t\t\t\t\t<div class=\"elementor-container elementor-column-gap-default\">\n\t\t\t\t\t<div class=\"elementor-column elementor-col-100 elementor-top-column elementor-element elementor-element-34514ff\" data-id=\"34514ff\" data-element_type=\"column\">\n\t\t\t<div class=\"elementor-widget-wrap elementor-element-populated\">\n\t\t\t\t\t\t<div class=\"elementor-element elementor-element-67dba40 elementor-widget elementor-widget-text-editor\" data-id=\"67dba40\" data-element_type=\"widget\" data-widget_type=\"text-editor.default\">\n\t\t\t\t<div class=\"elementor-widget-container\">\n\t\t\t\t\t\t\t\t\t<p>L'adozione di un cucciolo \u00e8 un evento che cambia la vita, soprattutto se \u00e8 la prima volta. Dovrete cambiare il vostro stile di vita per dare al vostro nuovo amico tutto ci\u00f2 di cui ha bisogno. Dovrete pensare a molte cose, non solo all'addestramento del cucciolo una volta arrivati a casa, ma anche a tutto il lavoro di preparazione che dovrete fare prima dell'arrivo del cucciolo. Ecco quindi i passi fondamentali per una preparazione impeccabile!<\/p>\t\t\t\t\t\t\t\t<\/div>\n\t\t\t\t<\/div>\n\t\t\t\t\t<\/div>\n\t\t<\/div>\n\t\t\t\t\t<\/div>\n\t\t<\/section>\n\t\t\t\t<section class=\"elementor-section elementor-top-section elementor-element elementor-element-6eada21 elementor-section-boxed elementor-section-height-default elementor-section-height-default\" data-id=\"6eada21\" data-element_type=\"section\">\n\t\t\t\t\t\t<div class=\"elementor-container elementor-column-gap-default\">\n\t\t\t\t\t<div class=\"elementor-column elementor-col-100 elementor-top-column elementor-element elementor-element-4c66129\" data-id=\"4c66129\" data-element_type=\"column\">\n\t\t\t<div class=\"elementor-widget-wrap elementor-element-populated\">\n\t\t\t\t\t\t<div class=\"elementor-element elementor-element-7dd5c96 elementor-widget elementor-widget-heading\" data-id=\"7dd5c96\" data-element_type=\"widget\" data-widget_type=\"heading.default\">\n\t\t\t\t<div class=\"elementor-widget-container\">\n\t\t\t\t\t<h2 class=\"elementor-heading-title elementor-size-default\">Pulire la casa per accogliere il vostro cucciolo<\/h2>\t\t\t\t<\/div>\n\t\t\t\t<\/div>\n\t\t\t\t\t<\/div>\n\t\t<\/div>\n\t\t\t\t\t<\/div>\n\t\t<\/section>\n\t\t\t\t<section class=\"elementor-section elementor-top-section elementor-element elementor-element-23c4fc6 elementor-section-boxed elementor-section-height-default elementor-section-height-default\" data-id=\"23c4fc6\" data-element_type=\"section\">\n\t\t\t\t\t\t<div class=\"elementor-container elementor-column-gap-default\">\n\t\t\t\t\t<div class=\"elementor-column elementor-col-50 elementor-top-column elementor-element elementor-element-39d7d5e\" data-id=\"39d7d5e\" data-element_type=\"column\">\n\t\t\t<div class=\"elementor-widget-wrap elementor-element-populated\">\n\t\t\t\t\t\t<div class=\"elementor-element elementor-element-53d0d28 elementor-widget elementor-widget-text-editor\" data-id=\"53d0d28\" data-element_type=\"widget\" data-widget_type=\"text-editor.default\">\n\t\t\t\t<div class=\"elementor-widget-container\">\n\t\t\t\t\t\t\t\t\t<p>Prima di tutto, la casa deve essere pulita. Una volta superato lo stress del nuovo ambiente, il cucciolo vorr\u00e0 esplorare ogni angolo della sua nuova casa. Quindi \u00e8 ovvio che la casa deve essere pulita per evitare che il cucciolo trovi bocconcini da mangiare. Allo stesso tempo, probabilmente scoprirete alcuni angoli un po' pi\u00f9 pericolosi per il vostro nuovo amico e potrete cercare di risolvere la situazione. Ad esempio, se non volete che il cane mangi le piante, dovrete posizionarle in alto. Lo stesso vale per i banchi! Al momento, Pitou \u00e8 piccolo e non pu\u00f2 raggiungere il cibo. Ma con l'avanzare dell'et\u00e0, il cane capir\u00e0 subito che pu\u00f2 saltare sui banconi e trovare il cibo! \u00c8 meglio mettere tutto a posto!<\/p><p><strong>Fate attenzione:<\/strong><\/p><ul><li>Piante talvolta tossiche<\/li><li>Avanzi di cibo che possono avvelenare il cucciolo (es. cioccolato)<\/li><li>Fili elettrici<\/li><li>Prodotti per la casa e farmaci potenzialmente pericolosi per il cane<\/li><\/ul>\t\t\t\t\t\t\t\t<\/div>\n\t\t\t\t<\/div>\n\t\t\t\t\t<\/div>\n\t\t<\/div>\n\t\t\t\t<div class=\"elementor-column elementor-col-50 elementor-top-column elementor-element elementor-element-b339281\" data-id=\"b339281\" data-element_type=\"column\">\n\t\t\t<div class=\"elementor-widget-wrap elementor-element-populated\">\n\t\t\t\t\t\t<div class=\"elementor-element elementor-element-c215d27 elementor-widget elementor-widget-image\" data-id=\"c215d27\" data-element_type=\"widget\" data-widget_type=\"image.default\">\n\t\t\t\t<div class=\"elementor-widget-container\">\n\t\t\t\t\t\t\t\t\t\t\t\t\t\t\t<img fetchpriority=\"high\" decoding=\"async\" width=\"1024\" height=\"683\" src=\"https:\/\/pomsky.envol.ovh\/wp-content\/uploads\/2021\/09\/DIY-Carpet-Cleaning-Hoover-Pet-9-1024x683.webp\" class=\"attachment-large size-large wp-image-2793\" alt=\"\" srcset=\"https:\/\/pomsky.envol.ovh\/wp-content\/uploads\/2021\/09\/DIY-Carpet-Cleaning-Hoover-Pet-9-1024x683.webp 1024w, https:\/\/pomsky.envol.ovh\/wp-content\/uploads\/2021\/09\/DIY-Carpet-Cleaning-Hoover-Pet-9-300x200.webp 300w, https:\/\/pomsky.envol.ovh\/wp-content\/uploads\/2021\/09\/DIY-Carpet-Cleaning-Hoover-Pet-9-768x512.webp 768w, https:\/\/pomsky.envol.ovh\/wp-content\/uploads\/2021\/09\/DIY-Carpet-Cleaning-Hoover-Pet-9.webp 1500w\" sizes=\"(max-width: 1024px) 100vw, 1024px\" \/>\t\t\t\t\t\t\t\t\t\t\t\t\t\t\t<\/div>\n\t\t\t\t<\/div>\n\t\t\t\t\t<\/div>\n\t\t<\/div>\n\t\t\t\t\t<\/div>\n\t\t<\/section>\n\t\t\t\t<section class=\"elementor-section elementor-top-section elementor-element elementor-element-8b7f106 elementor-section-boxed elementor-section-height-default elementor-section-height-default\" data-id=\"8b7f106\" data-element_type=\"section\">\n\t\t\t\t\t\t<div class=\"elementor-container elementor-column-gap-default\">\n\t\t\t\t\t<div class=\"elementor-column elementor-col-100 elementor-top-column elementor-element elementor-element-0297a83\" data-id=\"0297a83\" data-element_type=\"column\">\n\t\t\t<div class=\"elementor-widget-wrap elementor-element-populated\">\n\t\t\t\t\t\t<div class=\"elementor-element elementor-element-b3fdd36 elementor-widget elementor-widget-heading\" data-id=\"b3fdd36\" data-element_type=\"widget\" data-widget_type=\"heading.default\">\n\t\t\t\t<div class=\"elementor-widget-container\">\n\t\t\t\t\t<h2 class=\"elementor-heading-title elementor-size-default\">Acquisto di forniture e accessori<\/h2>\t\t\t\t<\/div>\n\t\t\t\t<\/div>\n\t\t\t\t\t<\/div>\n\t\t<\/div>\n\t\t\t\t\t<\/div>\n\t\t<\/section>\n\t\t\t\t<section class=\"elementor-section elementor-top-section elementor-element elementor-element-409a87f elementor-section-boxed elementor-section-height-default elementor-section-height-default\" data-id=\"409a87f\" data-element_type=\"section\">\n\t\t\t\t\t\t<div class=\"elementor-container elementor-column-gap-default\">\n\t\t\t\t\t<div class=\"elementor-column elementor-col-50 elementor-top-column elementor-element elementor-element-4c090c9\" data-id=\"4c090c9\" data-element_type=\"column\">\n\t\t\t<div class=\"elementor-widget-wrap elementor-element-populated\">\n\t\t\t\t\t\t<div class=\"elementor-element elementor-element-99b2da6 elementor-widget elementor-widget-image\" data-id=\"99b2da6\" data-element_type=\"widget\" data-widget_type=\"image.default\">\n\t\t\t\t<div class=\"elementor-widget-container\">\n\t\t\t\t\t\t\t\t\t\t\t\t\t\t\t<img decoding=\"async\" width=\"300\" height=\"201\" src=\"https:\/\/pomsky.envol.ovh\/wp-content\/uploads\/2021\/09\/husky-puppy-playing-toy-little-260nw-1842917449-300x201.webp\" class=\"attachment-medium size-medium wp-image-2792\" alt=\"\" srcset=\"https:\/\/pomsky.envol.ovh\/wp-content\/uploads\/2021\/09\/husky-puppy-playing-toy-little-260nw-1842917449-300x201.webp 300w, https:\/\/pomsky.envol.ovh\/wp-content\/uploads\/2021\/09\/husky-puppy-playing-toy-little-260nw-1842917449.webp 388w\" sizes=\"(max-width: 300px) 100vw, 300px\" \/>\t\t\t\t\t\t\t\t\t\t\t\t\t\t\t<\/div>\n\t\t\t\t<\/div>\n\t\t\t\t\t<\/div>\n\t\t<\/div>\n\t\t\t\t<div class=\"elementor-column elementor-col-50 elementor-top-column elementor-element elementor-element-0d6086f\" data-id=\"0d6086f\" data-element_type=\"column\">\n\t\t\t<div class=\"elementor-widget-wrap elementor-element-populated\">\n\t\t\t\t\t\t<div class=\"elementor-element elementor-element-fa9dfaf elementor-widget elementor-widget-text-editor\" data-id=\"fa9dfaf\" data-element_type=\"widget\" data-widget_type=\"text-editor.default\">\n\t\t\t\t<div class=\"elementor-widget-container\">\n\t\t\t\t\t\t\t\t\t<p>Un altro passo importante \u00e8 visitare il negozio di animali locale e acquistare tutto ci\u00f2 di cui il cucciolo avr\u00e0 bisogno appena arrivato. Ad esempio, ciotole per il cibo e l'acqua, una cuccia, giocattoli, collare e guinzaglio. Non esitate a chiedere consigli. <\/p><p>Dovrete anche acquistare il suo cibo: alcuni negozi di animali vendono Easy Barf, controllate il loro sito web, potrebbe essercene uno vicino a voi!<\/p>\t\t\t\t\t\t\t\t<\/div>\n\t\t\t\t<\/div>\n\t\t\t\t\t<\/div>\n\t\t<\/div>\n\t\t\t\t\t<\/div>\n\t\t<\/section>\n\t\t\t\t<section class=\"elementor-section elementor-top-section elementor-element elementor-element-72d7f51 elementor-section-boxed elementor-section-height-default elementor-section-height-default\" data-id=\"72d7f51\" data-element_type=\"section\">\n\t\t\t\t\t\t<div class=\"elementor-container elementor-column-gap-default\">\n\t\t\t\t\t<div class=\"elementor-column elementor-col-100 elementor-top-column elementor-element elementor-element-6560e7f\" data-id=\"6560e7f\" data-element_type=\"column\">\n\t\t\t<div class=\"elementor-widget-wrap elementor-element-populated\">\n\t\t\t\t\t\t<div class=\"elementor-element elementor-element-7b38a19 elementor-widget elementor-widget-heading\" data-id=\"7b38a19\" data-element_type=\"widget\" data-widget_type=\"heading.default\">\n\t\t\t\t<div class=\"elementor-widget-container\">\n\t\t\t\t\t<h2 class=\"elementor-heading-title elementor-size-default\">Preparare la famiglia all'arrivo del cucciolo<\/h2>\t\t\t\t<\/div>\n\t\t\t\t<\/div>\n\t\t\t\t\t<\/div>\n\t\t<\/div>\n\t\t\t\t\t<\/div>\n\t\t<\/section>\n\t\t\t\t<section class=\"elementor-section elementor-top-section elementor-element elementor-element-54ad76e elementor-section-boxed elementor-section-height-default elementor-section-height-default\" data-id=\"54ad76e\" data-element_type=\"section\">\n\t\t\t\t\t\t<div class=\"elementor-container elementor-column-gap-default\">\n\t\t\t\t\t<div class=\"elementor-column elementor-col-50 elementor-top-column elementor-element elementor-element-df96f50\" data-id=\"df96f50\" data-element_type=\"column\">\n\t\t\t<div class=\"elementor-widget-wrap elementor-element-populated\">\n\t\t\t\t\t\t<div class=\"elementor-element elementor-element-7dc78ad elementor-widget elementor-widget-text-editor\" data-id=\"7dc78ad\" data-element_type=\"widget\" data-widget_type=\"text-editor.default\">\n\t\t\t\t<div class=\"elementor-widget-container\">\n\t\t\t\t\t\t\t\t\t<p>Una volta pulita la casa e acquistati gli accessori, \u00e8 necessario assicurarsi che tutti i membri della famiglia siano sulla stessa lunghezza d'onda. \u00c8 una buona idea discutere le nuove responsabilit\u00e0 con la famiglia. Una volta discusse, potete stilare una lista di controllo dei ruoli che ognuno dovr\u00e0 svolgere.<\/p><p>Alcuni compiti da non dimenticare sono: le passeggiate, il cibo, la gestione delle scorte e persino la toelettatura. Non dimenticate che la toelettatura del cane pu\u00f2 coinvolgere diverse fasi della sua vita quotidiana che non dovreste trascurare.<\/p><p>Tuttavia, la formazione \u00e8 un compito collettivo che spetta a tutti i membri della famiglia, affinch\u00e9 si svolga senza intoppi.<\/p><p>\u00c8 anche una buona idea stilare un elenco di vocaboli che tutta la famiglia user\u00e0 quando parler\u00e0 al cane. In questo modo si eviter\u00e0 la confusione e il cane imparer\u00e0 molto pi\u00f9 rapidamente che se uno dicesse \"Qui\" e l'altro \"Vieni\".\u00a0<\/p>\t\t\t\t\t\t\t\t<\/div>\n\t\t\t\t<\/div>\n\t\t\t\t\t<\/div>\n\t\t<\/div>\n\t\t\t\t<div class=\"elementor-column elementor-col-50 elementor-top-column elementor-element elementor-element-da92a22\" data-id=\"da92a22\" data-element_type=\"column\">\n\t\t\t<div class=\"elementor-widget-wrap elementor-element-populated\">\n\t\t\t\t\t\t<div class=\"elementor-element elementor-element-1e115d5 elementor-widget elementor-widget-image\" data-id=\"1e115d5\" data-element_type=\"widget\" data-widget_type=\"image.default\">\n\t\t\t\t<div class=\"elementor-widget-container\">\n\t\t\t\t\t\t\t\t\t\t\t\t\t\t\t<img decoding=\"async\" width=\"548\" height=\"365\" src=\"https:\/\/pomsky.envol.ovh\/wp-content\/uploads\/2021\/09\/husky-puppy-with-young-kid.jpg\" class=\"attachment-large size-large wp-image-2794\" alt=\"\" srcset=\"https:\/\/pomsky.envol.ovh\/wp-content\/uploads\/2021\/09\/husky-puppy-with-young-kid.jpg 548w, https:\/\/pomsky.envol.ovh\/wp-content\/uploads\/2021\/09\/husky-puppy-with-young-kid-300x200.jpg 300w\" sizes=\"(max-width: 548px) 100vw, 548px\" \/>\t\t\t\t\t\t\t\t\t\t\t\t\t\t\t<\/div>\n\t\t\t\t<\/div>\n\t\t\t\t\t<\/div>\n\t\t<\/div>\n\t\t\t\t\t<\/div>\n\t\t<\/section>\n\t\t\t\t<section class=\"elementor-section elementor-top-section elementor-element elementor-element-5c31fee elementor-section-boxed elementor-section-height-default elementor-section-height-default\" data-id=\"5c31fee\" data-element_type=\"section\">\n\t\t\t\t\t\t<div class=\"elementor-container elementor-column-gap-default\">\n\t\t\t\t\t<div class=\"elementor-column elementor-col-100 elementor-top-column elementor-element elementor-element-7db52c9\" data-id=\"7db52c9\" data-element_type=\"column\">\n\t\t\t<div class=\"elementor-widget-wrap elementor-element-populated\">\n\t\t\t\t\t\t<div class=\"elementor-element elementor-element-adbc63d elementor-widget elementor-widget-heading\" data-id=\"adbc63d\" data-element_type=\"widget\" data-widget_type=\"heading.default\">\n\t\t\t\t<div class=\"elementor-widget-container\">\n\t\t\t\t\t<h2 class=\"elementor-heading-title elementor-size-default\">Impostazione delle restrizioni<\/h2>\t\t\t\t<\/div>\n\t\t\t\t<\/div>\n\t\t\t\t\t<\/div>\n\t\t<\/div>\n\t\t\t\t\t<\/div>\n\t\t<\/section>\n\t\t\t\t<section class=\"elementor-section elementor-top-section elementor-element elementor-element-89649f3 elementor-section-boxed elementor-section-height-default elementor-section-height-default\" data-id=\"89649f3\" data-element_type=\"section\">\n\t\t\t\t\t\t<div class=\"elementor-container elementor-column-gap-default\">\n\t\t\t\t\t<div class=\"elementor-column elementor-col-100 elementor-top-column elementor-element elementor-element-dd44a78\" data-id=\"dd44a78\" data-element_type=\"column\">\n\t\t\t<div class=\"elementor-widget-wrap elementor-element-populated\">\n\t\t\t\t\t\t<div class=\"elementor-element elementor-element-f51e9c1 elementor-widget elementor-widget-text-editor\" data-id=\"f51e9c1\" data-element_type=\"widget\" data-widget_type=\"text-editor.default\">\n\t\t\t\t<div class=\"elementor-widget-container\">\n\t\t\t\t\t\t\t\t\t<p>Infine, l'ultima fase della preparazione consiste nello stabilire le restrizioni che saranno imposte al cane. Ad esempio, il cane potr\u00e0 salire sui divani? \u00c8 necessario chiarire diverse restrizioni di questo tipo per garantire che l'addestramento del cane avvenga senza problemi. Se avete un secondo piano o un seminterrato, il cane potr\u00e0 accedervi? Queste restrizioni sono ancora pi\u00f9 importanti se il cucciolo ha tendenze distruttive.<\/p><p>Ad esempio, dovreste considerare di bandirlo dalla cucina, a meno che non stiate pensando di rinnovarla. Inoltre, quella stanza potrebbe contenere il suo cibo e le sue briciole sul pavimento, che potrebbero essere dannose per la salute del vostro peloso.<\/p><p><strong>Come per i compiti e il vocabolario, l'importante \u00e8 che tutti in famiglia sappiano cosa incoraggiare e cosa no.<\/strong><\/p><p>In conclusione, l'arrivo di un nuovo cucciolo \u00e8 una cosa meravigliosa. Tuttavia, ci sono una serie di passi da fare per assicurarsi che tutto fili liscio. I primi giorni possono essere stressanti sia per il cane che per la famiglia e i consigli di cui sopra vi aiuteranno a prepararvi. Ora non vi resta che godervi questi primi giorni con il vostro nuovo migliore amico.<\/p>\t\t\t\t\t\t\t\t<\/div>\n\t\t\t\t<\/div>\n\t\t\t\t\t<\/div>\n\t\t<\/div>\n\t\t\t\t\t<\/div>\n\t\t<\/section>\n\t\t\t\t<section class=\"elementor-section elementor-top-section elementor-element elementor-element-5556ac5 elementor-section-boxed elementor-section-height-default elementor-section-height-default\" data-id=\"5556ac5\" data-element_type=\"section\">\n\t\t\t\t\t\t<div class=\"elementor-container elementor-column-gap-default\">\n\t\t\t\t\t<div class=\"elementor-column elementor-col-100 elementor-top-column elementor-element elementor-element-d59cca9\" data-id=\"d59cca9\" data-element_type=\"column\">\n\t\t\t<div class=\"elementor-widget-wrap elementor-element-populated\">\n\t\t\t\t\t\t<div class=\"elementor-element elementor-element-971fbb9 elementor-widget elementor-widget-text-editor\" data-id=\"971fbb9\" data-element_type=\"widget\" data-widget_type=\"text-editor.default\">\n\t\t\t\t<div class=\"elementor-widget-container\">\n\t\t\t\t\t\t\t\t\t<p style=\"text-align: right;\"><em>Fonti: tomorrowdemaitre<br \/><\/em><\/p>\t\t\t\t\t\t\t\t<\/div>\n\t\t\t\t<\/div>\n\t\t\t\t\t<\/div>\n\t\t<\/div>\n\t\t\t\t\t<\/div>\n\t\t<\/section>\n\t\t\t\t<section class=\"elementor-section elementor-top-section elementor-element elementor-element-def0370 elementor-section-content-middle elementor-section-boxed elementor-section-height-default elementor-section-height-default\" data-id=\"def0370\" data-element_type=\"section\" data-settings=\"{&quot;background_background&quot;:&quot;classic&quot;}\">\n\t\t\t\t\t\t\t<div class=\"elementor-background-overlay\"><\/div>\n\t\t\t\t\t\t\t<div class=\"elementor-container elementor-column-gap-no\">\n\t\t\t\t\t<div class=\"elementor-column elementor-col-50 elementor-top-column elementor-element elementor-element-a4cdfd2\" data-id=\"a4cdfd2\" data-element_type=\"column\">\n\t\t\t<div class=\"elementor-widget-wrap elementor-element-populated\">\n\t\t\t\t\t\t<div class=\"elementor-element elementor-element-4b5c006 elementor-widget elementor-widget-heading\" data-id=\"4b5c006\" data-element_type=\"widget\" data-widget_type=\"heading.default\">\n\t\t\t\t<div class=\"elementor-widget-container\">\n\t\t\t\t\t<h3 class=\"elementor-heading-title elementor-size-default\">Siete interessati ad adottare un cucciolo di Pomsky?<\/h3>\t\t\t\t<\/div>\n\t\t\t\t<\/div>\n\t\t\t\t<div class=\"elementor-element elementor-element-1853dde elementor-widget elementor-widget-text-editor\" data-id=\"1853dde\" data-element_type=\"widget\" data-widget_type=\"text-editor.default\">\n\t\t\t\t<div class=\"elementor-widget-container\">\n\t\t\t\t\t\t\t\t\t<p>Venite a vedere se abbiamo qualche cucciolo disponibile al momento.<\/p>\t\t\t\t\t\t\t\t<\/div>\n\t\t\t\t<\/div>\n\t\t\t\t\t<\/div>\n\t\t<\/div>\n\t\t\t\t<div class=\"elementor-column elementor-col-50 elementor-top-column elementor-element elementor-element-186eec9\" data-id=\"186eec9\" data-element_type=\"column\">\n\t\t\t<div class=\"elementor-widget-wrap elementor-element-populated\">\n\t\t\t\t\t\t<div class=\"elementor-element elementor-element-b28e3b6 elementor-align-center elementor-mobile-align-center elementor-tablet-align-right elementor-widget elementor-widget-button\" data-id=\"b28e3b6\" data-element_type=\"widget\" data-widget_type=\"button.default\">\n\t\t\t\t<div class=\"elementor-widget-container\">\n\t\t\t\t\t\t\t\t\t<div class=\"elementor-button-wrapper\">\n\t\t\t\t\t<a class=\"elementor-button elementor-button-link elementor-size-md\" href=\"https:\/\/pomsky.envol.ovh\/it\/tariffe\/\">\n\t\t\t\t\t\t<span class=\"elementor-button-content-wrapper\">\n\t\t\t\t\t\t\t\t\t<span class=\"elementor-button-text\">Clicca qui<\/span>\n\t\t\t\t\t<\/span>\n\t\t\t\t\t<\/a>\n\t\t\t\t<\/div>\n\t\t\t\t\t\t\t\t<\/div>\n\t\t\t\t<\/div>\n\t\t\t\t\t<\/div>\n\t\t<\/div>\n\t\t\t\t\t<\/div>\n\t\t<\/section>\n\t\t\t\t<\/div>","protected":false},"excerpt":{"rendered":"<p>Accogliere il cucciolo a casa L'adozione di un cucciolo \u00e8 un evento che cambia la vita, soprattutto se \u00e8 il primo. Dovrete cambiare il vostro stile di vita per dare al vostro nuovo amico tutto ci\u00f2 di cui ha bisogno. Dovrete pensare a molte cose, non solo all'addestramento del cucciolo, ma anche a come ...<\/p>\n<p class=\"read-more\"> <a class=\"\" href=\"https:\/\/pomsky.envol.ovh\/it\/accogliete-il-vostro-cucciolo\/\"> <span class=\"screen-reader-text\">Accogliere il vostro cucciolo di Pomsky<\/span> Leggi altro<\/a><\/p>","protected":false},"author":1,"featured_media":0,"parent":0,"menu_order":0,"comment_status":"closed","ping_status":"closed","template":"","meta":{"site-sidebar-layout":"no-sidebar","site-content-layout":"page-builder","ast-site-content-layout":"","site-content-style":"default","site-sidebar-style":"default","ast-global-header-display":"","ast-banner-title-visibility":"","ast-main-header-display":"","ast-hfb-above-header-display":"","ast-hfb-below-header-display":"","ast-hfb-mobile-header-display":"","site-post-title":"disabled","ast-breadcrumbs-content":"","ast-featured-img":"disabled","footer-sml-layout":"","theme-transparent-header-meta":"enabled","adv-header-id-meta":"","stick-header-meta":"","header-above-stick-meta":"","header-main-stick-meta":"","header-below-stick-meta":"","astra-migrate-meta-layouts":"","ast-page-background-enabled":"default","ast-page-background-meta":{"desktop":{"background-color":"","background-image":"","background-repeat":"repeat","background-position":"center center","background-size":"auto","background-attachment":"scroll","background-type":"","background-media":"","overlay-type":"","overlay-color":"","overlay-gradient":""},"tablet":{"background-color":"","background-image":"","background-repeat":"repeat","background-position":"center center","background-size":"auto","background-attachment":"scroll","background-type":"","background-media":"","overlay-type":"","overlay-color":"","overlay-gradient":""},"mobile":{"background-color":"","background-image":"","background-repeat":"repeat","background-position":"center center","background-size":"auto","background-attachment":"scroll","background-type":"","background-media":"","overlay-type":"","overlay-color":"","overlay-gradient":""}},"ast-content-background-meta":{"desktop":{"background-color":"var(--ast-global-color-5)","background-image":"","background-repeat":"repeat","background-position":"center center","background-size":"auto","background-attachment":"scroll","background-type":"","background-media":"","overlay-type":"","overlay-color":"","overlay-gradient":""},"tablet":{"background-color":"var(--ast-global-color-5)","background-image":"","background-repeat":"repeat","background-position":"center center","background-size":"auto","background-attachment":"scroll","background-type":"","background-media":"","overlay-type":"","overlay-color":"","overlay-gradient":""},"mobile":{"background-color":"var(--ast-global-color-5)","background-image":"","background-repeat":"repeat","background-position":"center center","background-size":"auto","background-attachment":"scroll","background-type":"","background-media":"","overlay-type":"","overlay-color":"","overlay-gradient":""}},"footnotes":""},"class_list":["post-1106","page","type-page","status-publish","hentry"],"_links":{"self":[{"href":"https:\/\/pomsky.envol.ovh\/it\/wp-json\/wp\/v2\/pages\/1106","targetHints":{"allow":["GET"]}}],"collection":[{"href":"https:\/\/pomsky.envol.ovh\/it\/wp-json\/wp\/v2\/pages"}],"about":[{"href":"https:\/\/pomsky.envol.ovh\/it\/wp-json\/wp\/v2\/types\/page"}],"author":[{"embeddable":true,"href":"https:\/\/pomsky.envol.ovh\/it\/wp-json\/wp\/v2\/users\/1"}],"replies":[{"embeddable":true,"href":"https:\/\/pomsky.envol.ovh\/it\/wp-json\/wp\/v2\/comments?post=1106"}],"version-history":[{"count":3,"href":"https:\/\/pomsky.envol.ovh\/it\/wp-json\/wp\/v2\/pages\/1106\/revisions"}],"predecessor-version":[{"id":4677,"href":"https:\/\/pomsky.envol.ovh\/it\/wp-json\/wp\/v2\/pages\/1106\/revisions\/4677"}],"wp:attachment":[{"href":"https:\/\/pomsky.envol.ovh\/it\/wp-json\/wp\/v2\/media?parent=1106"}],"curies":[{"name":"wp","href":"https:\/\/api.w.org\/{rel}","templated":true}]}}