{"id":977,"date":"2020-05-01T19:00:33","date_gmt":"2020-05-01T17:00:33","guid":{"rendered":"https:\/\/munchkin.envol-centre-equestre.com\/?page_id=977"},"modified":"2022-08-09T19:09:34","modified_gmt":"2022-08-09T17:09:34","slug":"notre-elevage","status":"publish","type":"page","link":"https:\/\/pomsky.envol.ovh\/it\/notre-elevage\/","title":{"rendered":"La nostra fattoria di pomsky"},"content":{"rendered":"<div data-elementor-type=\"wp-post\" data-elementor-id=\"977\" class=\"elementor elementor-977\" data-elementor-post-type=\"page\">\n\t\t\t\t\t\t<section class=\"elementor-section elementor-top-section elementor-element elementor-element-2cd009c elementor-section-height-min-height elementor-section-content-middle elementor-section-boxed elementor-section-height-default elementor-section-items-middle\" data-id=\"2cd009c\" data-element_type=\"section\" data-settings=\"{&quot;background_background&quot;:&quot;classic&quot;}\">\n\t\t\t\t\t\t\t<div class=\"elementor-background-overlay\"><\/div>\n\t\t\t\t\t\t\t<div class=\"elementor-container elementor-column-gap-default\">\n\t\t\t\t\t<div class=\"elementor-column elementor-col-100 elementor-top-column elementor-element elementor-element-eaf9918\" data-id=\"eaf9918\" data-element_type=\"column\">\n\t\t\t<div class=\"elementor-widget-wrap elementor-element-populated\">\n\t\t\t\t\t\t<div class=\"elementor-element elementor-element-30819d6 elementor-widget elementor-widget-heading\" data-id=\"30819d6\" data-element_type=\"widget\" data-widget_type=\"heading.default\">\n\t\t\t\t<div class=\"elementor-widget-container\">\n\t\t\t\t\t<h1 class=\"elementor-heading-title elementor-size-default\">Il nostro allevamento<\/h1>\t\t\t\t<\/div>\n\t\t\t\t<\/div>\n\t\t\t\t<div class=\"elementor-element elementor-element-86f923c elementor-widget elementor-widget-text-editor\" data-id=\"86f923c\" data-element_type=\"widget\" data-widget_type=\"text-editor.default\">\n\t\t\t\t<div class=\"elementor-widget-container\">\n\t\t\t\t\t\t\t\t\t<p>Questo allevamento \u00e8 il riflesso della nostra passione e di tutto l'amore che diamo ai nostri cani, che sono membri a tutti gli effetti della nostra famiglia. Venite a scoprire il nostro mondo.<\/p>\t\t\t\t\t\t\t\t<\/div>\n\t\t\t\t<\/div>\n\t\t\t\t\t<\/div>\n\t\t<\/div>\n\t\t\t\t\t<\/div>\n\t\t<\/section>\n\t\t\t\t<section class=\"elementor-section elementor-top-section elementor-element elementor-element-6eada21 elementor-section-boxed elementor-section-height-default elementor-section-height-default\" data-id=\"6eada21\" data-element_type=\"section\">\n\t\t\t\t\t\t<div class=\"elementor-container elementor-column-gap-default\">\n\t\t\t\t\t<div class=\"elementor-column elementor-col-100 elementor-top-column elementor-element elementor-element-4c66129\" data-id=\"4c66129\" data-element_type=\"column\">\n\t\t\t<div class=\"elementor-widget-wrap elementor-element-populated\">\n\t\t\t\t\t\t<div class=\"elementor-element elementor-element-7dd5c96 elementor-widget elementor-widget-heading\" data-id=\"7dd5c96\" data-element_type=\"widget\" data-widget_type=\"heading.default\">\n\t\t\t\t<div class=\"elementor-widget-container\">\n\t\t\t\t\t<h2 class=\"elementor-heading-title elementor-size-default\">Dove siamo?<\/h2>\t\t\t\t<\/div>\n\t\t\t\t<\/div>\n\t\t\t\t\t<\/div>\n\t\t<\/div>\n\t\t\t\t\t<\/div>\n\t\t<\/section>\n\t\t\t\t<section class=\"elementor-section elementor-top-section elementor-element elementor-element-f5b127f elementor-section-boxed elementor-section-height-default elementor-section-height-default\" data-id=\"f5b127f\" data-element_type=\"section\">\n\t\t\t\t\t\t<div class=\"elementor-container elementor-column-gap-default\">\n\t\t\t\t\t<div class=\"elementor-column elementor-col-100 elementor-top-column elementor-element elementor-element-a629543\" data-id=\"a629543\" data-element_type=\"column\">\n\t\t\t<div class=\"elementor-widget-wrap elementor-element-populated\">\n\t\t\t\t\t\t<div class=\"elementor-element elementor-element-acc4f78 elementor-widget elementor-widget-text-editor\" data-id=\"acc4f78\" data-element_type=\"widget\" data-widget_type=\"text-editor.default\">\n\t\t\t\t<div class=\"elementor-widget-container\">\n\t\t\t\t\t\t\t\t\t<p>La nostra azienda agricola si trova ad Ambares et Lagrave, nella Gironda, vicino a Bordeaux.<\/p><p>Siamo a 20 minuti dalla Gare Saint Jean e a 25 minuti dall'aeroporto di Bordeaux-M\u00e9rignac.<\/p>\t\t\t\t\t\t\t\t<\/div>\n\t\t\t\t<\/div>\n\t\t\t\t\t<\/div>\n\t\t<\/div>\n\t\t\t\t\t<\/div>\n\t\t<\/section>\n\t\t\t\t<section class=\"elementor-section elementor-top-section elementor-element elementor-element-915c1ee elementor-section-boxed elementor-section-height-default elementor-section-height-default\" data-id=\"915c1ee\" data-element_type=\"section\">\n\t\t\t\t\t\t<div class=\"elementor-container elementor-column-gap-default\">\n\t\t\t\t\t<div class=\"elementor-column elementor-col-100 elementor-top-column elementor-element elementor-element-5caea3f\" data-id=\"5caea3f\" data-element_type=\"column\">\n\t\t\t<div class=\"elementor-widget-wrap elementor-element-populated\">\n\t\t\t\t\t\t<div class=\"elementor-element elementor-element-54b15c0 elementor-widget elementor-widget-heading\" data-id=\"54b15c0\" data-element_type=\"widget\" data-widget_type=\"heading.default\">\n\t\t\t\t<div class=\"elementor-widget-container\">\n\t\t\t\t\t<h2 class=\"elementor-heading-title elementor-size-default\">Cani di alta qualit\u00e0 allevati con amore<\/h2>\t\t\t\t<\/div>\n\t\t\t\t<\/div>\n\t\t\t\t\t<\/div>\n\t\t<\/div>\n\t\t\t\t\t<\/div>\n\t\t<\/section>\n\t\t\t\t<section class=\"elementor-section elementor-top-section elementor-element elementor-element-b9a0db7 elementor-section-boxed elementor-section-height-default elementor-section-height-default\" data-id=\"b9a0db7\" data-element_type=\"section\">\n\t\t\t\t\t\t<div class=\"elementor-container elementor-column-gap-default\">\n\t\t\t\t\t<div class=\"elementor-column elementor-col-50 elementor-top-column elementor-element elementor-element-c4bec91\" data-id=\"c4bec91\" data-element_type=\"column\">\n\t\t\t<div class=\"elementor-widget-wrap elementor-element-populated\">\n\t\t\t\t\t\t<div class=\"elementor-element elementor-element-60cbf04 elementor-widget elementor-widget-text-editor\" data-id=\"60cbf04\" data-element_type=\"widget\" data-widget_type=\"text-editor.default\">\n\t\t\t\t<div class=\"elementor-widget-container\">\n\t\t\t\t\t\t\t\t\t<p>Abbiamo scelto di allevare almeno cuccioli di pomsky F3\/F4, cio\u00e8 da un pomsky di terza o quarta generazione, per avere cuccioli omogenei in termini di taglia, colore e temperamento.<\/p><p>I nostri cuccioli hanno tutti una maschera da husky, i loro occhi sono molto spesso blu e la loro taglia da adulti non supera i 12 chili.<\/p><p>I colori possono essere nero, grigio o agouti (il mantello pi\u00f9 ricercato per noi, ereditato da geni selvatici che conferiscono al mantello sfumature \"lupoidi\").<\/p><p>\u00a0<\/p>\t\t\t\t\t\t\t\t<\/div>\n\t\t\t\t<\/div>\n\t\t\t\t\t<\/div>\n\t\t<\/div>\n\t\t\t\t<div class=\"elementor-column elementor-col-50 elementor-top-column elementor-element elementor-element-cbe7b83\" data-id=\"cbe7b83\" data-element_type=\"column\">\n\t\t\t<div class=\"elementor-widget-wrap elementor-element-populated\">\n\t\t\t\t\t\t<div class=\"elementor-element elementor-element-bc84ffc elementor-widget elementor-widget-image\" data-id=\"bc84ffc\" data-element_type=\"widget\" data-widget_type=\"image.default\">\n\t\t\t\t<div class=\"elementor-widget-container\">\n\t\t\t\t\t\t\t\t\t\t\t\t<figure class=\"wp-caption\">\n\t\t\t\t\t\t\t\t\t\t<img fetchpriority=\"high\" decoding=\"async\" width=\"500\" height=\"306\" src=\"https:\/\/pomsky.envol.ovh\/wp-content\/uploads\/2021\/09\/65645889_2312971738970506_4798331596165873664_n.jpg\" class=\"attachment-large size-large wp-image-2635\" alt=\"\" srcset=\"https:\/\/pomsky.envol.ovh\/wp-content\/uploads\/2021\/09\/65645889_2312971738970506_4798331596165873664_n.jpg 500w, https:\/\/pomsky.envol.ovh\/wp-content\/uploads\/2021\/09\/65645889_2312971738970506_4798331596165873664_n-300x184.jpg 300w\" sizes=\"(max-width: 500px) 100vw, 500px\" \/>\t\t\t\t\t\t\t\t\t\t\t<figcaption class=\"widget-image-caption wp-caption-text\">Questi bambini sono delle vere meraviglie!<\/figcaption>\n\t\t\t\t\t\t\t\t\t\t<\/figure>\n\t\t\t\t\t\t\t\t\t<\/div>\n\t\t\t\t<\/div>\n\t\t\t\t\t<\/div>\n\t\t<\/div>\n\t\t\t\t\t<\/div>\n\t\t<\/section>\n\t\t\t\t<section class=\"elementor-section elementor-top-section elementor-element elementor-element-d924ad6 elementor-section-boxed elementor-section-height-default elementor-section-height-default\" data-id=\"d924ad6\" data-element_type=\"section\">\n\t\t\t\t\t\t<div class=\"elementor-container elementor-column-gap-default\">\n\t\t\t\t\t<div class=\"elementor-column elementor-col-50 elementor-top-column elementor-element elementor-element-e0cea15\" data-id=\"e0cea15\" data-element_type=\"column\">\n\t\t\t<div class=\"elementor-widget-wrap elementor-element-populated\">\n\t\t\t\t\t\t<div class=\"elementor-element elementor-element-ee6524f elementor-widget elementor-widget-image\" data-id=\"ee6524f\" data-element_type=\"widget\" data-widget_type=\"image.default\">\n\t\t\t\t<div class=\"elementor-widget-container\">\n\t\t\t\t\t\t\t\t\t\t\t\t\t\t\t<img decoding=\"async\" width=\"759\" height=\"1024\" src=\"https:\/\/pomsky.envol.ovh\/wp-content\/uploads\/2021\/09\/DSC_0512-759x1024.jpg\" class=\"attachment-large size-large wp-image-2715\" alt=\"\" srcset=\"https:\/\/pomsky.envol.ovh\/wp-content\/uploads\/2021\/09\/DSC_0512-759x1024.jpg 759w, https:\/\/pomsky.envol.ovh\/wp-content\/uploads\/2021\/09\/DSC_0512-222x300.jpg 222w, https:\/\/pomsky.envol.ovh\/wp-content\/uploads\/2021\/09\/DSC_0512-768x1036.jpg 768w, https:\/\/pomsky.envol.ovh\/wp-content\/uploads\/2021\/09\/DSC_0512-1139x1536.jpg 1139w, https:\/\/pomsky.envol.ovh\/wp-content\/uploads\/2021\/09\/DSC_0512.jpg 1401w\" sizes=\"(max-width: 759px) 100vw, 759px\" \/>\t\t\t\t\t\t\t\t\t\t\t\t\t\t\t<\/div>\n\t\t\t\t<\/div>\n\t\t\t\t\t<\/div>\n\t\t<\/div>\n\t\t\t\t<div class=\"elementor-column elementor-col-50 elementor-top-column elementor-element elementor-element-171e59b\" data-id=\"171e59b\" data-element_type=\"column\">\n\t\t\t<div class=\"elementor-widget-wrap elementor-element-populated\">\n\t\t\t\t\t\t<div class=\"elementor-element elementor-element-db5cdee elementor-widget elementor-widget-text-editor\" data-id=\"db5cdee\" data-element_type=\"widget\" data-widget_type=\"text-editor.default\">\n\t\t\t\t<div class=\"elementor-widget-container\">\n\t\t\t\t\t\t\t\t\t<p><strong>I nostri animali, la nostra passione!<\/strong><\/p><p>Il nostro primo lavoro sono i cavalli, e viviamo nella nostra scuderia su un terreno di circa venti ettari con i nostri cavalli, i nostri gatti e naturalmente il nostro pomsky.<\/p><p>I nostri cani, prima di essere dei riproduttori, sono solo... i nostri cani! Quindi abbiamo solo 2 femmine, Night e Lily, e 1 maschio, Captain, perch\u00e9 con la nostra nonna Happy, il border terrier, non \u00e8 abbastanza quando portiamo a spasso tutta la banda! Come potete vedere, qui non pratichiamo l'allevamento intensivo. Per questo motivo abbiamo solo pochi cuccioli da offrirvi ogni anno, ma \u00e8 anche per questo che i nostri cuccioli sono cos\u00ec felici nelle loro zampe!<\/p><p>Abbiamo la fortuna di vivere quotidianamente con i nostri animali e questo ci permette di garantire che tutti i nostri piccoli crescano nel miglior modo possibile, in base alle loro esigenze individuali (che non sono le stesse per i puledri e i cuccioli!).<\/p><div>\u00a0<\/div><div>\u00a0<\/div>\t\t\t\t\t\t\t\t<\/div>\n\t\t\t\t<\/div>\n\t\t\t\t\t<\/div>\n\t\t<\/div>\n\t\t\t\t\t<\/div>\n\t\t<\/section>\n\t\t\t\t<section class=\"elementor-section elementor-top-section elementor-element elementor-element-c2dc675 elementor-section-boxed elementor-section-height-default elementor-section-height-default\" data-id=\"c2dc675\" data-element_type=\"section\">\n\t\t\t\t\t\t<div class=\"elementor-container elementor-column-gap-default\">\n\t\t\t\t\t<div class=\"elementor-column elementor-col-100 elementor-top-column elementor-element elementor-element-c27145d\" data-id=\"c27145d\" data-element_type=\"column\">\n\t\t\t<div class=\"elementor-widget-wrap elementor-element-populated\">\n\t\t\t\t\t\t<div class=\"elementor-element elementor-element-68d87fc elementor-widget elementor-widget-image\" data-id=\"68d87fc\" data-element_type=\"widget\" data-widget_type=\"image.default\">\n\t\t\t\t<div class=\"elementor-widget-container\">\n\t\t\t\t\t\t\t\t\t\t\t\t<figure class=\"wp-caption\">\n\t\t\t\t\t\t\t\t\t\t<img decoding=\"async\" width=\"768\" height=\"1024\" src=\"https:\/\/pomsky.envol.ovh\/wp-content\/uploads\/2021\/09\/73342919_2406053986328947_4331913687011950592_n-768x1024.jpg\" class=\"attachment-medium_large size-medium_large wp-image-2668\" alt=\"\" srcset=\"https:\/\/pomsky.envol.ovh\/wp-content\/uploads\/2021\/09\/73342919_2406053986328947_4331913687011950592_n-768x1024.jpg 768w, https:\/\/pomsky.envol.ovh\/wp-content\/uploads\/2021\/09\/73342919_2406053986328947_4331913687011950592_n-225x300.jpg 225w, https:\/\/pomsky.envol.ovh\/wp-content\/uploads\/2021\/09\/73342919_2406053986328947_4331913687011950592_n-1152x1536.jpg 1152w, https:\/\/pomsky.envol.ovh\/wp-content\/uploads\/2021\/09\/73342919_2406053986328947_4331913687011950592_n.jpg 1440w\" sizes=\"(max-width: 768px) 100vw, 768px\" \/>\t\t\t\t\t\t\t\t\t\t\t<figcaption class=\"widget-image-caption wp-caption-text\">Spiaggia, cavalli e pomsky, il sogno!<\/figcaption>\n\t\t\t\t\t\t\t\t\t\t<\/figure>\n\t\t\t\t\t\t\t\t\t<\/div>\n\t\t\t\t<\/div>\n\t\t\t\t\t<\/div>\n\t\t<\/div>\n\t\t\t\t\t<\/div>\n\t\t<\/section>\n\t\t\t\t<section class=\"elementor-section elementor-top-section elementor-element elementor-element-176238c elementor-section-boxed elementor-section-height-default elementor-section-height-default\" data-id=\"176238c\" data-element_type=\"section\">\n\t\t\t\t\t\t<div class=\"elementor-container elementor-column-gap-default\">\n\t\t\t\t\t<div class=\"elementor-column elementor-col-100 elementor-top-column elementor-element elementor-element-8bf7a1e\" data-id=\"8bf7a1e\" data-element_type=\"column\">\n\t\t\t<div class=\"elementor-widget-wrap elementor-element-populated\">\n\t\t\t\t\t\t<div class=\"elementor-element elementor-element-58db262 elementor-widget elementor-widget-heading\" data-id=\"58db262\" data-element_type=\"widget\" data-widget_type=\"heading.default\">\n\t\t\t\t<div class=\"elementor-widget-container\">\n\t\t\t\t\t<h2 class=\"elementor-heading-title elementor-size-default\">Imbarco e test del pedigree<\/h2>\t\t\t\t<\/div>\n\t\t\t\t<\/div>\n\t\t\t\t\t<\/div>\n\t\t<\/div>\n\t\t\t\t\t<\/div>\n\t\t<\/section>\n\t\t\t\t<section class=\"elementor-section elementor-top-section elementor-element elementor-element-bc95a18 elementor-section-boxed elementor-section-height-default elementor-section-height-default\" data-id=\"bc95a18\" data-element_type=\"section\">\n\t\t\t\t\t\t<div class=\"elementor-container elementor-column-gap-default\">\n\t\t\t\t\t<div class=\"elementor-column elementor-col-50 elementor-top-column elementor-element elementor-element-b82f233\" data-id=\"b82f233\" data-element_type=\"column\">\n\t\t\t<div class=\"elementor-widget-wrap elementor-element-populated\">\n\t\t\t\t\t\t<div class=\"elementor-element elementor-element-73370ee elementor-widget__width-auto elementor-widget elementor-widget-image\" data-id=\"73370ee\" data-element_type=\"widget\" data-widget_type=\"image.default\">\n\t\t\t\t<div class=\"elementor-widget-container\">\n\t\t\t\t\t\t\t\t\t\t\t\t\t\t\t<img loading=\"lazy\" decoding=\"async\" width=\"679\" height=\"652\" src=\"https:\/\/pomsky.envol.ovh\/wp-content\/uploads\/2021\/09\/81J8-U0YwtL._AC_SX679_.jpg\" class=\"attachment-large size-large wp-image-2720\" alt=\"imbarcare il test del DNA\" srcset=\"https:\/\/pomsky.envol.ovh\/wp-content\/uploads\/2021\/09\/81J8-U0YwtL._AC_SX679_.jpg 679w, https:\/\/pomsky.envol.ovh\/wp-content\/uploads\/2021\/09\/81J8-U0YwtL._AC_SX679_-300x288.jpg 300w\" sizes=\"(max-width: 679px) 100vw, 679px\" \/>\t\t\t\t\t\t\t\t\t\t\t\t\t\t\t<\/div>\n\t\t\t\t<\/div>\n\t\t\t\t\t<\/div>\n\t\t<\/div>\n\t\t\t\t<div class=\"elementor-column elementor-col-50 elementor-top-column elementor-element elementor-element-ca512bb\" data-id=\"ca512bb\" data-element_type=\"column\">\n\t\t\t<div class=\"elementor-widget-wrap elementor-element-populated\">\n\t\t\t\t\t\t<div class=\"elementor-element elementor-element-55f9b8e elementor-widget elementor-widget-text-editor\" data-id=\"55f9b8e\" data-element_type=\"widget\" data-widget_type=\"text-editor.default\">\n\t\t\t\t<div class=\"elementor-widget-container\">\n\t\t\t\t\t\t\t\t\t<p>In Francia, dove la registrazione LOF \u00e8 la norma per l'acquisto di un cane di razza, non \u00e8 facile orientarsi quando si cerca un cane appartenente a una nuova razza, come il Pomsky.<\/p>\n<p>Non essendo ancora riconosciuto dalla Societ\u00e9 Centrale Canine, il Pomsky non \u00e8 ancora considerato un cane di razza pura (dal punto di vista legale), e come tale non pu\u00f2 essere registrato presso il LOF, che molti acquirenti considerano una garanzia. Se \u00e8 vero che il LOF attesta che il cane \u00e8 conforme alle caratteristiche stabilite dallo standard di razza, ci\u00f2 non significa che tutti gli allevatori di cani \"non LOF\" non stiano facendo un lavoro di qualit\u00e0.<\/p>\n<p>Per quanto riguarda i pomsky, ci sono sia allevatori seri che allevatori molto meno scrupolosi.<\/p>\n<p><\/p>\t\t\t\t\t\t\t\t<\/div>\n\t\t\t\t<\/div>\n\t\t\t\t\t<\/div>\n\t\t<\/div>\n\t\t\t\t\t<\/div>\n\t\t<\/section>\n\t\t\t\t<section class=\"elementor-section elementor-top-section elementor-element elementor-element-15ba525 elementor-section-boxed elementor-section-height-default elementor-section-height-default\" data-id=\"15ba525\" data-element_type=\"section\">\n\t\t\t\t\t\t<div class=\"elementor-container elementor-column-gap-default\">\n\t\t\t\t\t<div class=\"elementor-column elementor-col-50 elementor-top-column elementor-element elementor-element-7a0bd6e\" data-id=\"7a0bd6e\" data-element_type=\"column\">\n\t\t\t<div class=\"elementor-widget-wrap elementor-element-populated\">\n\t\t\t\t\t\t<div class=\"elementor-element elementor-element-a4c561d elementor-widget elementor-widget-text-editor\" data-id=\"a4c561d\" data-element_type=\"widget\" data-widget_type=\"text-editor.default\">\n\t\t\t\t<div class=\"elementor-widget-container\">\n\t\t\t\t\t\t\t\t\t<p>Il test di Embark non dimostrer\u00e0 certo che il vostro cane \u00e8 bello, ma vi dir\u00e0 almeno se \u00e8 un pomsky, cio\u00e8 un cane con circa met\u00e0 dei suoi geni provenienti dall'husky e l'altra met\u00e0 dal Pomerania. Si noti che la tolleranza di 10% da altre razze \u00e8 tollerata secondo l'IPA (International Pomsky Association) o l'EPC (European Pomsky Club).<br><\/p>\n<p>In attesa che la nostra razza venga riconosciuta ufficialmente, purtroppo non abbiamo molti modi per dimostrare la seriet\u00e0 del nostro lavoro: per questo motivo, all'Envol pomsky, i nostri riproduttori hanno tutti il test dell'imbarcazione che ne approva l'origine e i test per tutte le malattie genetiche conosciute che ne attestano l'assenza.<br><\/p>\t\t\t\t\t\t\t\t<\/div>\n\t\t\t\t<\/div>\n\t\t\t\t\t<\/div>\n\t\t<\/div>\n\t\t\t\t<div class=\"elementor-column elementor-col-50 elementor-top-column elementor-element elementor-element-93fb914\" data-id=\"93fb914\" data-element_type=\"column\">\n\t\t\t<div class=\"elementor-widget-wrap elementor-element-populated\">\n\t\t\t\t\t\t<div class=\"elementor-element elementor-element-b5e7904 elementor-widget elementor-widget-image\" data-id=\"b5e7904\" data-element_type=\"widget\" data-widget_type=\"image.default\">\n\t\t\t\t<div class=\"elementor-widget-container\">\n\t\t\t\t\t\t\t\t\t\t\t\t\t\t\t<img loading=\"lazy\" decoding=\"async\" width=\"300\" height=\"197\" src=\"https:\/\/pomsky.envol.ovh\/wp-content\/uploads\/2021\/09\/6ae660_2fb37869ac184e7d9b0fc29e23015a43_mv2-2-300x197.webp\" class=\"attachment-medium size-medium wp-image-2651\" alt=\"\" srcset=\"https:\/\/pomsky.envol.ovh\/wp-content\/uploads\/2021\/09\/6ae660_2fb37869ac184e7d9b0fc29e23015a43_mv2-2-300x197.webp 300w, https:\/\/pomsky.envol.ovh\/wp-content\/uploads\/2021\/09\/6ae660_2fb37869ac184e7d9b0fc29e23015a43_mv2-2-1024x674.webp 1024w, https:\/\/pomsky.envol.ovh\/wp-content\/uploads\/2021\/09\/6ae660_2fb37869ac184e7d9b0fc29e23015a43_mv2-2-768x505.webp 768w, https:\/\/pomsky.envol.ovh\/wp-content\/uploads\/2021\/09\/6ae660_2fb37869ac184e7d9b0fc29e23015a43_mv2-2.webp 1198w\" sizes=\"(max-width: 300px) 100vw, 300px\" \/>\t\t\t\t\t\t\t\t\t\t\t\t\t\t\t<\/div>\n\t\t\t\t<\/div>\n\t\t\t\t\t<\/div>\n\t\t<\/div>\n\t\t\t\t\t<\/div>\n\t\t<\/section>\n\t\t\t\t<section class=\"elementor-section elementor-top-section elementor-element elementor-element-def0370 elementor-section-content-middle elementor-section-boxed elementor-section-height-default elementor-section-height-default\" data-id=\"def0370\" data-element_type=\"section\" data-settings=\"{&quot;background_background&quot;:&quot;classic&quot;}\">\n\t\t\t\t\t\t\t<div class=\"elementor-background-overlay\"><\/div>\n\t\t\t\t\t\t\t<div class=\"elementor-container elementor-column-gap-no\">\n\t\t\t\t\t<div class=\"elementor-column elementor-col-50 elementor-top-column elementor-element elementor-element-a4cdfd2\" data-id=\"a4cdfd2\" data-element_type=\"column\">\n\t\t\t<div class=\"elementor-widget-wrap elementor-element-populated\">\n\t\t\t\t\t\t<div class=\"elementor-element elementor-element-4b5c006 elementor-widget elementor-widget-heading\" data-id=\"4b5c006\" data-element_type=\"widget\" data-widget_type=\"heading.default\">\n\t\t\t\t<div class=\"elementor-widget-container\">\n\t\t\t\t\t<h3 class=\"elementor-heading-title elementor-size-default\">Siete interessati ad adottare un cucciolo di Pomsky?<\/h3>\t\t\t\t<\/div>\n\t\t\t\t<\/div>\n\t\t\t\t<div class=\"elementor-element elementor-element-1853dde elementor-widget elementor-widget-text-editor\" data-id=\"1853dde\" data-element_type=\"widget\" data-widget_type=\"text-editor.default\">\n\t\t\t\t<div class=\"elementor-widget-container\">\n\t\t\t\t\t\t\t\t\t<p>Venite a vedere se abbiamo qualche cucciolo disponibile al momento.<\/p>\t\t\t\t\t\t\t\t<\/div>\n\t\t\t\t<\/div>\n\t\t\t\t\t<\/div>\n\t\t<\/div>\n\t\t\t\t<div class=\"elementor-column elementor-col-50 elementor-top-column elementor-element elementor-element-186eec9\" data-id=\"186eec9\" data-element_type=\"column\">\n\t\t\t<div class=\"elementor-widget-wrap elementor-element-populated\">\n\t\t\t\t\t\t<div class=\"elementor-element elementor-element-b28e3b6 elementor-align-center elementor-mobile-align-center elementor-tablet-align-right elementor-widget elementor-widget-button\" data-id=\"b28e3b6\" data-element_type=\"widget\" data-widget_type=\"button.default\">\n\t\t\t\t<div class=\"elementor-widget-container\">\n\t\t\t\t\t\t\t\t\t<div class=\"elementor-button-wrapper\">\n\t\t\t\t\t<a class=\"elementor-button elementor-button-link elementor-size-md\" href=\"https:\/\/pomsky.envol.ovh\/it\/cuccioli-disponibili\/\">\n\t\t\t\t\t\t<span class=\"elementor-button-content-wrapper\">\n\t\t\t\t\t\t\t\t\t<span class=\"elementor-button-text\">Clicca qui<\/span>\n\t\t\t\t\t<\/span>\n\t\t\t\t\t<\/a>\n\t\t\t\t<\/div>\n\t\t\t\t\t\t\t\t<\/div>\n\t\t\t\t<\/div>\n\t\t\t\t\t<\/div>\n\t\t<\/div>\n\t\t\t\t\t<\/div>\n\t\t<\/section>\n\t\t\t\t<\/div>","protected":false},"excerpt":{"rendered":"<p>Il nostro allevamento Questo allevamento \u00e8 il riflesso della nostra passione e di tutto l'amore che diamo ai nostri cani, che sono membri a pieno titolo della nostra famiglia. Venite a scoprire il nostro mondo. Dove siamo? Il nostro allevamento di pomsky si trova ad Ambares et Lagrave in Gironda, vicino a Bordeaux. Siamo ...<\/p>\n<p class=\"read-more\"> <a class=\"\" href=\"https:\/\/pomsky.envol.ovh\/it\/notre-elevage\/\"> <span class=\"screen-reader-text\">La nostra fattoria di pomsky<\/span> Leggi altro<\/a><\/p>","protected":false},"author":1,"featured_media":0,"parent":0,"menu_order":0,"comment_status":"closed","ping_status":"closed","template":"","meta":{"site-sidebar-layout":"no-sidebar","site-content-layout":"page-builder","ast-site-content-layout":"","site-content-style":"default","site-sidebar-style":"default","ast-global-header-display":"","ast-banner-title-visibility":"","ast-main-header-display":"","ast-hfb-above-header-display":"","ast-hfb-below-header-display":"","ast-hfb-mobile-header-display":"","site-post-title":"disabled","ast-breadcrumbs-content":"","ast-featured-img":"disabled","footer-sml-layout":"","theme-transparent-header-meta":"enabled","adv-header-id-meta":"","stick-header-meta":"","header-above-stick-meta":"","header-main-stick-meta":"","header-below-stick-meta":"","astra-migrate-meta-layouts":"","ast-page-background-enabled":"default","ast-page-background-meta":{"desktop":{"background-color":"","background-image":"","background-repeat":"repeat","background-position":"center center","background-size":"auto","background-attachment":"scroll","background-type":"","background-media":"","overlay-type":"","overlay-color":"","overlay-gradient":""},"tablet":{"background-color":"","background-image":"","background-repeat":"repeat","background-position":"center center","background-size":"auto","background-attachment":"scroll","background-type":"","background-media":"","overlay-type":"","overlay-color":"","overlay-gradient":""},"mobile":{"background-color":"","background-image":"","background-repeat":"repeat","background-position":"center center","background-size":"auto","background-attachment":"scroll","background-type":"","background-media":"","overlay-type":"","overlay-color":"","overlay-gradient":""}},"ast-content-background-meta":{"desktop":{"background-color":"var(--ast-global-color-5)","background-image":"","background-repeat":"repeat","background-position":"center center","background-size":"auto","background-attachment":"scroll","background-type":"","background-media":"","overlay-type":"","overlay-color":"","overlay-gradient":""},"tablet":{"background-color":"var(--ast-global-color-5)","background-image":"","background-repeat":"repeat","background-position":"center center","background-size":"auto","background-attachment":"scroll","background-type":"","background-media":"","overlay-type":"","overlay-color":"","overlay-gradient":""},"mobile":{"background-color":"var(--ast-global-color-5)","background-image":"","background-repeat":"repeat","background-position":"center center","background-size":"auto","background-attachment":"scroll","background-type":"","background-media":"","overlay-type":"","overlay-color":"","overlay-gradient":""}},"footnotes":""},"class_list":["post-977","page","type-page","status-publish","hentry"],"_links":{"self":[{"href":"https:\/\/pomsky.envol.ovh\/it\/wp-json\/wp\/v2\/pages\/977","targetHints":{"allow":["GET"]}}],"collection":[{"href":"https:\/\/pomsky.envol.ovh\/it\/wp-json\/wp\/v2\/pages"}],"about":[{"href":"https:\/\/pomsky.envol.ovh\/it\/wp-json\/wp\/v2\/types\/page"}],"author":[{"embeddable":true,"href":"https:\/\/pomsky.envol.ovh\/it\/wp-json\/wp\/v2\/users\/1"}],"replies":[{"embeddable":true,"href":"https:\/\/pomsky.envol.ovh\/it\/wp-json\/wp\/v2\/comments?post=977"}],"version-history":[{"count":3,"href":"https:\/\/pomsky.envol.ovh\/it\/wp-json\/wp\/v2\/pages\/977\/revisions"}],"predecessor-version":[{"id":3803,"href":"https:\/\/pomsky.envol.ovh\/it\/wp-json\/wp\/v2\/pages\/977\/revisions\/3803"}],"wp:attachment":[{"href":"https:\/\/pomsky.envol.ovh\/it\/wp-json\/wp\/v2\/media?parent=977"}],"curies":[{"name":"wp","href":"https:\/\/api.w.org\/{rel}","templated":true}]}}